{"id":7733,"date":"2026-01-28T16:09:04","date_gmt":"2026-01-28T16:09:04","guid":{"rendered":"https:\/\/pelartlabbenelux.com\/product\/peeling-tca-25-a-lhuile-de-pepins-de-courge-complexes-dacides-et-de-fruits-10-ml\/"},"modified":"2026-02-04T16:00:30","modified_gmt":"2026-02-04T16:00:30","slug":"peeling-tca-25-a-lhuile-de-pepins-de-courge-complexes-dacides-et-de-fruits-10-ml","status":"publish","type":"product","link":"https:\/\/pelartlabbenelux.com\/fr\/produit\/peeling-tca-25-a-lhuile-de-pepins-de-courge-complexes-dacides-et-de-fruits-10-ml\/","title":{"rendered":"Peeling TCA 25% \u00e0 l&rsquo;huile de p\u00e9pins de courge Complexes d&rsquo;acides et de fruits, 10 ml"},"content":{"rendered":"<p data-start=\"0\" data-end=\"395\">Peeling moyen en deux phases \u00e0 base d&rsquo;acide trichlorac\u00e9tique \u00e0 25 %, enrichi d&rsquo;huile de p\u00e9pins de courge, con\u00e7u pour une correction prononc\u00e9e des changements cutan\u00e9s li\u00e9s \u00e0 l&rsquo;\u00e2ge et \u00e0 l&rsquo;esth\u00e9tique. Le peeling est utilis\u00e9 efficacement pour le photovieillissement et le chronovieillissement, les rides de diff\u00e9rentes profondeurs, les cicatrices superficielles, ainsi que diverses formes d&rsquo;hyperpigmentation, y compris le m\u00e9lasma, la pigmentation post-inflammatoire, le lentigo et les taches de rousseur.<\/p>\n<p data-start=\"397\" data-end=\"789\">La formule favorise le renouvellement actif de l&rsquo;\u00e9piderme, stimule l&rsquo;activit\u00e9 des fibroblastes et la synth\u00e8se des composants de la matrice extracellulaire, am\u00e9liorant ainsi la densit\u00e9 et la texture de la peau. L&rsquo;huile de p\u00e9pins de courge et les composants d&rsquo;origine v\u00e9g\u00e9tale adoucissent l&rsquo;action de l&rsquo;acide, favorisent la r\u00e9cup\u00e9ration de la peau et r\u00e9duisent le risque de s\u00e9cheresse excessive. Le peeling est \u00e9galement efficace pour les cas d&rsquo;acn\u00e9, de post-acn\u00e9, de k\u00e9ratose actinique et s\u00e9borrh\u00e9ique.<\/p>\n<p data-start=\"791\" data-end=\"1054\"><strong>Principaux effets :<\/strong><br data-start=\"803\" data-end=\"806\" \/>&#8211; renouvellement et rajeunissement intensifs de la peau<br data-start=\"847\" data-end=\"850\" \/>&#8211; r\u00e9duction des rides et lissage de la texture de la peau<br data-start=\"903\" data-end=\"906\" \/>&#8211; correction de la pigmentation et des marques post-acn\u00e9iques<br data-start=\"954\" data-end=\"957\" \/>&#8211; stimulation de la r\u00e9g\u00e9n\u00e9ration et de la densit\u00e9 de la peau<br data-start=\"1003\" data-end=\"1006\" \/>&#8211; am\u00e9lioration de la qualit\u00e9 et de la tonicit\u00e9 g\u00e9n\u00e9rales de la peau<\/p>\n<p data-start=\"1056\" data-end=\"1149\" data-is-last-node=\"\" data-is-only-node=\"\"><strong>Mode d&#8217;emploi :<\/strong><br data-start=\"1067\" data-end=\"1070\" \/>Usage professionnel uniquement. Appliquer strictement selon le protocole de la proc\u00e9dure.<\/p>\n<p data-start=\"1056\" data-end=\"1149\" data-is-last-node=\"\" data-is-only-node=\"\"><span data-sheets-root=\"1\"><strong>Ingr\u00e9dients :<\/strong><br \/>\nAqua (eau), alcool, acide trichlorac\u00e9tique, huile de p\u00e9pins de courge hydrog\u00e9n\u00e9e, acide lactique, acide f\u00e9rulique, acide malique, butyl\u00e8ne glycol, acide f\u00e9rulique, huile de fleurs de calendula officinalis, glyc\u00e9rine, hydroxy\u00e9thylcellulose, l\u00e9cithine, prot\u00e9ines de soja hydrolys\u00e9es, hydroxypropyl lauryl. <\/span><\/p>\n","protected":false},"excerpt":{"rendered":"<p>Peeling moyen en deux phases \u00e0 base d&rsquo;acide trichlorac\u00e9tique \u00e0 25 %, enrichi d&rsquo;huile de p\u00e9pins de courge, con\u00e7u pour une correction prononc\u00e9e des changements cutan\u00e9s li\u00e9s \u00e0 l&rsquo;\u00e2ge et \u00e0 l&rsquo;esth\u00e9tique. Le peeling est utilis\u00e9 efficacement pour le photovieillissement et le chronovieillissement, les rides de diff\u00e9rentes profondeurs, les cicatrices superficielles, ainsi que diverses formes [&hellip;]<\/p>\n","protected":false},"featured_media":7736,"comment_status":"open","ping_status":"closed","template":"","meta":[],"product_brand":[72],"product_cat":[119],"product_tag":[120],"class_list":{"0":"post-7733","1":"product","2":"type-product","3":"status-publish","4":"has-post-thumbnail","6":"product_brand-fruit-and-acid-complexes","7":"product_cat-laboratoire-azidoak-pelart-ligne-de-peeling-professionnel","8":"product_tag-enregistrez-vous-en-tant-que-cosmetologue-pour-acheter-cet-article","10":"first","11":"instock","12":"shipping-taxable","13":"product-type-simple"},"aioseo_notices":[],"_links":{"self":[{"href":"https:\/\/pelartlabbenelux.com\/fr\/wp-json\/wp\/v2\/product\/7733","targetHints":{"allow":["GET"]}}],"collection":[{"href":"https:\/\/pelartlabbenelux.com\/fr\/wp-json\/wp\/v2\/product"}],"about":[{"href":"https:\/\/pelartlabbenelux.com\/fr\/wp-json\/wp\/v2\/types\/product"}],"replies":[{"embeddable":true,"href":"https:\/\/pelartlabbenelux.com\/fr\/wp-json\/wp\/v2\/comments?post=7733"}],"version-history":[{"count":1,"href":"https:\/\/pelartlabbenelux.com\/fr\/wp-json\/wp\/v2\/product\/7733\/revisions"}],"predecessor-version":[{"id":7811,"href":"https:\/\/pelartlabbenelux.com\/fr\/wp-json\/wp\/v2\/product\/7733\/revisions\/7811"}],"wp:featuredmedia":[{"embeddable":true,"href":"https:\/\/pelartlabbenelux.com\/fr\/wp-json\/wp\/v2\/media\/7736"}],"wp:attachment":[{"href":"https:\/\/pelartlabbenelux.com\/fr\/wp-json\/wp\/v2\/media?parent=7733"}],"wp:term":[{"taxonomy":"product_brand","embeddable":true,"href":"https:\/\/pelartlabbenelux.com\/fr\/wp-json\/wp\/v2\/product_brand?post=7733"},{"taxonomy":"product_cat","embeddable":true,"href":"https:\/\/pelartlabbenelux.com\/fr\/wp-json\/wp\/v2\/product_cat?post=7733"},{"taxonomy":"product_tag","embeddable":true,"href":"https:\/\/pelartlabbenelux.com\/fr\/wp-json\/wp\/v2\/product_tag?post=7733"}],"curies":[{"name":"wp","href":"https:\/\/api.w.org\/{rel}","templated":true}]}}