{"id":7729,"date":"2026-01-28T16:09:04","date_gmt":"2026-01-28T16:09:04","guid":{"rendered":"https:\/\/pelartlabbenelux.com\/product\/retinol-2-avec-complexe-de-fruits-et-dacides-de-vitamine-c-10-ml\/"},"modified":"2026-02-04T16:00:47","modified_gmt":"2026-02-04T16:00:47","slug":"retinol-2-avec-complexe-de-fruits-et-dacides-de-vitamine-c-10-ml","status":"publish","type":"product","link":"https:\/\/pelartlabbenelux.com\/fr\/produit\/retinol-2-avec-complexe-de-fruits-et-dacides-de-vitamine-c-10-ml\/","title":{"rendered":"R\u00e9tinol 2% avec complexe de fruits et d&rsquo;acides de vitamine C, 10 ml"},"content":{"rendered":"<p data-start=\"0\" data-end=\"303\">Additif actif professionnel \u00e0 base de 2% de r\u00e9tinol et de vitamine C, con\u00e7u pour renforcer l&rsquo;effet des peelings moyens et superficiels dans les protocoles de cosm\u00e9tologie. La formule augmente l&rsquo;efficacit\u00e9 de la proc\u00e9dure principale sans causer de dommages significatifs \u00e0 la peau, en acc\u00e9l\u00e9rant les processus de renouvellement et de r\u00e9cup\u00e9ration.<\/p>\n<p data-start=\"305\" data-end=\"656\">Le r\u00e9tinol stimule la r\u00e9g\u00e9n\u00e9ration cellulaire, aide \u00e0 unifier la texture de la peau et r\u00e9duit l&rsquo;apparence des changements li\u00e9s \u00e0 l&rsquo;\u00e2ge. La vitamine C offre une forte protection antioxydante, am\u00e9liore la tonicit\u00e9 de la peau, lui donne de l&rsquo;\u00e9clat et renforce la paroi vasculaire. Le produit est appliqu\u00e9 \u00e0 l&rsquo;\u00e9tape finale du peeling afin de prolonger et d&rsquo;am\u00e9liorer les r\u00e9sultats de la proc\u00e9dure.<\/p>\n<p data-start=\"658\" data-end=\"928\"><strong>Effets cl\u00e9s :<\/strong><br data-start=\"670\" data-end=\"673\" \/>&#8211; am\u00e9lioration des r\u00e9sultats des peelings moyens et superficiels<br data-start=\"725\" data-end=\"728\" \/>&#8211; stimulation du renouvellement et de la r\u00e9g\u00e9n\u00e9ration de la peau<br data-start=\"774\" data-end=\"777\" \/>&#8211; protection antioxydante prononc\u00e9e<br data-start=\"812\" data-end=\"815\" \/>&#8211; am\u00e9lioration du tonus, de la densit\u00e9 et de l&rsquo;\u00e9clat de la peau<br data-start=\"864\" data-end=\"867\" \/>&#8211; renforcement des vaisseaux sanguins et uniformisation du teint<\/p>\n<p data-start=\"930\" data-end=\"1095\" data-is-last-node=\"\" data-is-only-node=\"\"><strong>Mode d&#8217;emploi :<\/strong><br data-start=\"941\" data-end=\"944\" \/>Usage professionnel uniquement. Appliquer apr\u00e8s l&rsquo;exposition d&rsquo;un peeling moyen ou apr\u00e8s le rin\u00e7age d&rsquo;un peeling superficiel en respectant scrupuleusement le protocole de la proc\u00e9dure.<\/p>\n<p data-start=\"930\" data-end=\"1095\" data-is-last-node=\"\" data-is-only-node=\"\"><span data-sheets-root=\"1\"><strong>Ingr\u00e9dients :<\/strong><br \/>\nTriglyc\u00e9rides capryliques\/capriques, huile de jojoba hydrog\u00e9n\u00e9e, palmitate d&rsquo;ascorbyle, palmitate de r\u00e9tinyle, huile de graines de tournesol, huile de feuilles de verveine purifi\u00e9e, r\u00e9tinol, 2,6-Di-tert-butyl-p-cr\u00e9sol. <\/span><\/p>\n","protected":false},"excerpt":{"rendered":"<p>Additif actif professionnel \u00e0 base de 2% de r\u00e9tinol et de vitamine C, con\u00e7u pour renforcer l&rsquo;effet des peelings moyens et superficiels dans les protocoles de cosm\u00e9tologie. La formule augmente l&rsquo;efficacit\u00e9 de la proc\u00e9dure principale sans causer de dommages significatifs \u00e0 la peau, en acc\u00e9l\u00e9rant les processus de renouvellement et de r\u00e9cup\u00e9ration. Le r\u00e9tinol stimule [&hellip;]<\/p>\n","protected":false},"featured_media":7732,"comment_status":"open","ping_status":"closed","template":"","meta":[],"product_brand":[72],"product_cat":[119],"product_tag":[120],"class_list":{"0":"post-7729","1":"product","2":"type-product","3":"status-publish","4":"has-post-thumbnail","6":"product_brand-fruit-and-acid-complexes","7":"product_cat-laboratoire-azidoak-pelart-ligne-de-peeling-professionnel","8":"product_tag-enregistrez-vous-en-tant-que-cosmetologue-pour-acheter-cet-article","10":"first","11":"instock","12":"shipping-taxable","13":"product-type-simple"},"aioseo_notices":[],"_links":{"self":[{"href":"https:\/\/pelartlabbenelux.com\/fr\/wp-json\/wp\/v2\/product\/7729","targetHints":{"allow":["GET"]}}],"collection":[{"href":"https:\/\/pelartlabbenelux.com\/fr\/wp-json\/wp\/v2\/product"}],"about":[{"href":"https:\/\/pelartlabbenelux.com\/fr\/wp-json\/wp\/v2\/types\/product"}],"replies":[{"embeddable":true,"href":"https:\/\/pelartlabbenelux.com\/fr\/wp-json\/wp\/v2\/comments?post=7729"}],"version-history":[{"count":1,"href":"https:\/\/pelartlabbenelux.com\/fr\/wp-json\/wp\/v2\/product\/7729\/revisions"}],"predecessor-version":[{"id":7812,"href":"https:\/\/pelartlabbenelux.com\/fr\/wp-json\/wp\/v2\/product\/7729\/revisions\/7812"}],"wp:featuredmedia":[{"embeddable":true,"href":"https:\/\/pelartlabbenelux.com\/fr\/wp-json\/wp\/v2\/media\/7732"}],"wp:attachment":[{"href":"https:\/\/pelartlabbenelux.com\/fr\/wp-json\/wp\/v2\/media?parent=7729"}],"wp:term":[{"taxonomy":"product_brand","embeddable":true,"href":"https:\/\/pelartlabbenelux.com\/fr\/wp-json\/wp\/v2\/product_brand?post=7729"},{"taxonomy":"product_cat","embeddable":true,"href":"https:\/\/pelartlabbenelux.com\/fr\/wp-json\/wp\/v2\/product_cat?post=7729"},{"taxonomy":"product_tag","embeddable":true,"href":"https:\/\/pelartlabbenelux.com\/fr\/wp-json\/wp\/v2\/product_tag?post=7729"}],"curies":[{"name":"wp","href":"https:\/\/api.w.org\/{rel}","templated":true}]}}