{"id":7725,"date":"2026-01-28T16:09:04","date_gmt":"2026-01-28T16:09:04","guid":{"rendered":"https:\/\/pelartlabbenelux.com\/product\/degraissant-preparation-au-pelage-complexes-de-fruits-et-dacides-250-ml\/"},"modified":"2026-02-04T15:54:16","modified_gmt":"2026-02-04T15:54:16","slug":"degraissant-preparation-au-pelage-complexes-de-fruits-et-dacides-250-ml","status":"publish","type":"product","link":"https:\/\/pelartlabbenelux.com\/fr\/produit\/degraissant-preparation-au-pelage-complexes-de-fruits-et-dacides-250-ml\/","title":{"rendered":"D\u00e9graissant (pr\u00e9paration au pelage) Complexes de fruits et d&rsquo;acides, 250 ml"},"content":{"rendered":"<p data-start=\"0\" data-end=\"233\">D\u00e9graissant professionnel pour la pr\u00e9paration de la peau avant les peelings chimiques. Le produit nettoie efficacement la surface de la peau, \u00e9limine le s\u00e9bum et le manteau hydrolipidique, pr\u00e9parant la peau \u00e0 une p\u00e9n\u00e9tration uniforme et contr\u00f4l\u00e9e des acides.<\/p>\n<p data-start=\"235\" data-end=\"446\">L&rsquo;utilisation du d\u00e9graissant garantit une action plus profonde et plus uniforme du peeling, ce qui augmente l&rsquo;efficacit\u00e9 de la proc\u00e9dure et la pr\u00e9visibilit\u00e9 des r\u00e9sultats. Recommand\u00e9 comme \u00e9tape obligatoire dans les protocoles professionnels de peeling chimique.<\/p>\n<p data-start=\"448\" data-end=\"692\"><strong>Effets cl\u00e9s :<\/strong><br data-start=\"460\" data-end=\"463\" \/>&#8211; \u00e9limination du s\u00e9bum et du film hydrolipidique<br data-start=\"507\" data-end=\"510\" \/>&#8211; pr\u00e9paration de la peau pour les peelings chimiques<br data-start=\"554\" data-end=\"557\" \/>&#8211; am\u00e9lioration et uniformit\u00e9 de la p\u00e9n\u00e9tration de l&rsquo;acide<br data-start=\"605\" data-end=\"608\" \/>&#8211; am\u00e9lioration de l&rsquo;efficacit\u00e9 de la proc\u00e9dure de peeling<br data-start=\"653\" data-end=\"656\" \/>&#8211; r\u00e9duction des effets in\u00e9gaux du peeling<\/p>\n<p data-start=\"694\" data-end=\"892\" data-is-last-node=\"\" data-is-only-node=\"\"><strong>Mode d&#8217;emploi :<\/strong><br data-start=\"705\" data-end=\"708\" \/>Usage professionnel uniquement. Humidifiez un coton avec le d\u00e9graissant et essuyez soigneusement la peau. Ne pas rincer. Pendant la journ\u00e9e, il est recommand\u00e9 d&rsquo;utiliser une cr\u00e8me protectrice avec SPF 15.<\/p>\n<p data-start=\"694\" data-end=\"892\" data-is-last-node=\"\" data-is-only-node=\"\"><span data-sheets-root=\"1\"><strong>Ingr\u00e9dients :<\/strong><br \/>\nAqua (Eau), Alcool, Isopentaerythritol, Eau d&rsquo;hamam\u00e9lis, Acide glycolique, Eau de th\u00e9 vert, Polysorbate-20, Caprylate Sorbitan, Propanediol, Acide benzo\u00efque. <\/span><\/p>\n","protected":false},"excerpt":{"rendered":"<p>D\u00e9graissant professionnel pour la pr\u00e9paration de la peau avant les peelings chimiques. Le produit nettoie efficacement la surface de la peau, \u00e9limine le s\u00e9bum et le manteau hydrolipidique, pr\u00e9parant la peau \u00e0 une p\u00e9n\u00e9tration uniforme et contr\u00f4l\u00e9e des acides. L&rsquo;utilisation du d\u00e9graissant garantit une action plus profonde et plus uniforme du peeling, ce qui augmente [&hellip;]<\/p>\n","protected":false},"featured_media":7727,"comment_status":"open","ping_status":"closed","template":"","meta":[],"product_brand":[72],"product_cat":[119],"product_tag":[120],"class_list":{"0":"post-7725","1":"product","2":"type-product","3":"status-publish","4":"has-post-thumbnail","6":"product_brand-fruit-and-acid-complexes","7":"product_cat-laboratoire-azidoak-pelart-ligne-de-peeling-professionnel","8":"product_tag-enregistrez-vous-en-tant-que-cosmetologue-pour-acheter-cet-article","10":"first","11":"instock","12":"shipping-taxable","13":"product-type-simple"},"aioseo_notices":[],"_links":{"self":[{"href":"https:\/\/pelartlabbenelux.com\/fr\/wp-json\/wp\/v2\/product\/7725","targetHints":{"allow":["GET"]}}],"collection":[{"href":"https:\/\/pelartlabbenelux.com\/fr\/wp-json\/wp\/v2\/product"}],"about":[{"href":"https:\/\/pelartlabbenelux.com\/fr\/wp-json\/wp\/v2\/types\/product"}],"replies":[{"embeddable":true,"href":"https:\/\/pelartlabbenelux.com\/fr\/wp-json\/wp\/v2\/comments?post=7725"}],"version-history":[{"count":1,"href":"https:\/\/pelartlabbenelux.com\/fr\/wp-json\/wp\/v2\/product\/7725\/revisions"}],"predecessor-version":[{"id":7796,"href":"https:\/\/pelartlabbenelux.com\/fr\/wp-json\/wp\/v2\/product\/7725\/revisions\/7796"}],"wp:featuredmedia":[{"embeddable":true,"href":"https:\/\/pelartlabbenelux.com\/fr\/wp-json\/wp\/v2\/media\/7727"}],"wp:attachment":[{"href":"https:\/\/pelartlabbenelux.com\/fr\/wp-json\/wp\/v2\/media?parent=7725"}],"wp:term":[{"taxonomy":"product_brand","embeddable":true,"href":"https:\/\/pelartlabbenelux.com\/fr\/wp-json\/wp\/v2\/product_brand?post=7725"},{"taxonomy":"product_cat","embeddable":true,"href":"https:\/\/pelartlabbenelux.com\/fr\/wp-json\/wp\/v2\/product_cat?post=7725"},{"taxonomy":"product_tag","embeddable":true,"href":"https:\/\/pelartlabbenelux.com\/fr\/wp-json\/wp\/v2\/product_tag?post=7725"}],"curies":[{"name":"wp","href":"https:\/\/api.w.org\/{rel}","templated":true}]}}