{"id":7723,"date":"2026-01-28T16:07:20","date_gmt":"2026-01-28T16:07:20","guid":{"rendered":"https:\/\/pelartlabbenelux.com\/product\/tonique-hydratant-pour-peaux-sensibles-et-couperosees-laboratoire-pelart-ligne-abricot-400-ml\/"},"modified":"2026-01-28T16:07:20","modified_gmt":"2026-01-28T16:07:20","slug":"tonique-hydratant-pour-peaux-sensibles-et-couperosees-laboratoire-pelart-ligne-abricot-400-ml","status":"publish","type":"product","link":"https:\/\/pelartlabbenelux.com\/fr\/produit\/tonique-hydratant-pour-peaux-sensibles-et-couperosees-laboratoire-pelart-ligne-abricot-400-ml\/","title":{"rendered":"Tonique hydratant pour peaux sensibles et couperos\u00e9es Laboratoire Pelart Ligne Abricot, 400 ml"},"content":{"rendered":"<p data-start=\"96\" data-end=\"467\">Un tonique hydratant professionnel \u00e0 la formule douce, sp\u00e9cialement con\u00e7u pour les peaux sensibles et sujettes \u00e0 la couperose. Il compl\u00e8te en douceur l&rsquo;\u00e9tape de nettoyage, aide \u00e0 soulager l&rsquo;inflammation et l&rsquo;irritation, normalise l&rsquo;\u00e9quilibre du pH de la peau et soutient les fonctions protectrices naturelles de l&rsquo;\u00e9piderme. <\/p>\n<p data-start=\"469\" data-end=\"818\">Le tonique est sans alcool, ne dess\u00e8che pas trop la peau et convient \u00e0 un usage r\u00e9gulier. Un complexe d&rsquo;extraits de plantes exerce une action apaisante, vasoprotectrice et anti-inflammatoire prononc\u00e9e. Le ruscus, le marron d&rsquo;Inde et la rutine contribuent \u00e0 renforcer les capillaires et \u00e0 r\u00e9duire les rougeurs, tandis que la camomille et le calendula calment les peaux r\u00e9actives et \u00e9liminent les sensations d&rsquo;inconfort.  <\/p>\n<p data-start=\"820\" data-end=\"1150\">Une forte concentration de composants hydratants &#8211; panth\u00e9nol, extrait d&rsquo;abricot, hydrolat de camomille et eau de lavande &#8211; aide \u00e0 r\u00e9tablir l&rsquo;\u00e9quilibre hydrolipidique, soulage la desquamation et les tiraillements, et am\u00e9liore la douceur et l&rsquo;\u00e9lasticit\u00e9 de la peau. Les acides AHA doux (lactique et mand\u00e9lique) lissent d\u00e9licatement la microtexture de la peau sans provoquer d&rsquo;irritation. <\/p>\n<p data-start=\"1152\" data-end=\"1220\">Avec une utilisation r\u00e9guli\u00e8re, la peau para\u00eet soign\u00e9e, fra\u00eeche et mate.<\/p>\n<p data-start=\"1222\" data-end=\"1434\"><strong data-start=\"1222\" data-end=\"1239\">Principaux b\u00e9n\u00e9fices :<\/strong><br data-start=\"1239\" data-end=\"1242\">&#8211; Hydratation et r\u00e9tablissement de l&rsquo;\u00e9quilibre du pH<br data-start=\"1283\" data-end=\"1286\">&#8211; R\u00e9duction de la sensibilit\u00e9 et de l&rsquo;inflammation<br data-start=\"1324\" data-end=\"1327\">&#8211; Renforcement des parois capillaires<br data-start=\"1356\" data-end=\"1359\">&#8211; \u00c9limination de la s\u00e9cheresse et de la desquamation<br data-start=\"1391\" data-end=\"1394\">&#8211; Am\u00e9lioration de l&rsquo;\u00e9lasticit\u00e9 et du confort de la peau<\/p>\n<p data-start=\"1436\" data-end=\"1603\"><strong data-start=\"1436\" data-end=\"1459\">Mode d&#8217;emploi :<\/strong><br data-start=\"1459\" data-end=\"1462\">Appliquez une petite quantit\u00e9 de tonique sur un coton et essuyez d\u00e9licatement le visage avant d&rsquo;appliquer la cr\u00e8me de finition (art. 10036, 10037, 10038, 10039).<\/p>\n<p data-start=\"1436\" data-end=\"1603\"><span data-sheets-root=\"1\"><strong>Ingr\u00e9dients :<\/strong><br \/>\nAqua (Eau), Extraits : Ruscus, Camomille, Myrtille, Calendula, Sophora, Kalgan, Marron d&rsquo;Inde, R\u00e9glisse, Abricot, D-panth\u00e9nol, hydrolat de Camomille, Eau de Lavande, Acide lactique, Acide mand\u00e9lique, Glycyrrhizinate dipotassique, Ascorbyl glucoside, Rutine, Composition parfum\u00e9e.<\/span><\/p>\n","protected":false},"excerpt":{"rendered":"<p>Un tonique hydratant professionnel \u00e0 la formule douce, sp\u00e9cialement con\u00e7u pour les peaux sensibles et sujettes \u00e0 la couperose. Il compl\u00e8te en douceur l&rsquo;\u00e9tape de nettoyage, aide \u00e0 soulager l&rsquo;inflammation et l&rsquo;irritation, normalise l&rsquo;\u00e9quilibre du pH de la peau et soutient les fonctions protectrices naturelles de l&rsquo;\u00e9piderme. Le tonique est sans alcool, ne dess\u00e8che pas [&hellip;]<\/p>\n","protected":false},"featured_media":7724,"comment_status":"open","ping_status":"closed","template":"","meta":[],"product_brand":[60],"product_cat":[118],"product_tag":[],"class_list":{"0":"post-7723","1":"product","2":"type-product","3":"status-publish","4":"has-post-thumbnail","6":"product_brand-apricot-line","7":"product_cat-apricot-line-cosmetiques-pour-peaux-sensibles-a-la-couperose","9":"first","10":"instock","11":"shipping-taxable","12":"purchasable","13":"product-type-simple"},"aioseo_notices":[],"_links":{"self":[{"href":"https:\/\/pelartlabbenelux.com\/fr\/wp-json\/wp\/v2\/product\/7723","targetHints":{"allow":["GET"]}}],"collection":[{"href":"https:\/\/pelartlabbenelux.com\/fr\/wp-json\/wp\/v2\/product"}],"about":[{"href":"https:\/\/pelartlabbenelux.com\/fr\/wp-json\/wp\/v2\/types\/product"}],"replies":[{"embeddable":true,"href":"https:\/\/pelartlabbenelux.com\/fr\/wp-json\/wp\/v2\/comments?post=7723"}],"version-history":[{"count":0,"href":"https:\/\/pelartlabbenelux.com\/fr\/wp-json\/wp\/v2\/product\/7723\/revisions"}],"wp:featuredmedia":[{"embeddable":true,"href":"https:\/\/pelartlabbenelux.com\/fr\/wp-json\/wp\/v2\/media\/7724"}],"wp:attachment":[{"href":"https:\/\/pelartlabbenelux.com\/fr\/wp-json\/wp\/v2\/media?parent=7723"}],"wp:term":[{"taxonomy":"product_brand","embeddable":true,"href":"https:\/\/pelartlabbenelux.com\/fr\/wp-json\/wp\/v2\/product_brand?post=7723"},{"taxonomy":"product_cat","embeddable":true,"href":"https:\/\/pelartlabbenelux.com\/fr\/wp-json\/wp\/v2\/product_cat?post=7723"},{"taxonomy":"product_tag","embeddable":true,"href":"https:\/\/pelartlabbenelux.com\/fr\/wp-json\/wp\/v2\/product_tag?post=7723"}],"curies":[{"name":"wp","href":"https:\/\/api.w.org\/{rel}","templated":true}]}}