{"id":7717,"date":"2026-01-28T16:07:20","date_gmt":"2026-01-28T16:07:20","guid":{"rendered":"https:\/\/pelartlabbenelux.com\/product\/serum-vitamine-c-peaux-sensibles-et-couperosees-tera-vitale-laboratoire-pelart-ligne-abricot-30-ml\/"},"modified":"2026-01-28T16:07:20","modified_gmt":"2026-01-28T16:07:20","slug":"serum-vitamine-c-peaux-sensibles-et-couperosees-tera-vitale-laboratoire-pelart-ligne-abricot-30-ml","status":"publish","type":"product","link":"https:\/\/pelartlabbenelux.com\/fr\/produit\/serum-vitamine-c-peaux-sensibles-et-couperosees-tera-vitale-laboratoire-pelart-ligne-abricot-30-ml\/","title":{"rendered":"S\u00e9rum Vitamine C peaux sensibles et couperos\u00e9es \u00ab\u00a0TERA VITALE\u00a0\u00bb Laboratoire Pelart Ligne Abricot, 30 ml"},"content":{"rendered":"<p data-start=\"91\" data-end=\"452\">S\u00e9rum professionnel \u00e0 la vitamine C, con\u00e7u pour le soin des peaux sensibles et couperos\u00e9es, sujettes \u00e0 la r\u00e9activit\u00e9 et aux manifestations vasculaires. La formule stimule la synth\u00e8se du collag\u00e8ne, renforce les parois capillaires et favorise une r\u00e9cup\u00e9ration plus rapide de la peau. <\/p>\n<p data-start=\"454\" data-end=\"736\">Le s\u00e9rum a une forte p\u00e9n\u00e9tration, restaure efficacement la barri\u00e8re hydrolipidique et normalise l&rsquo;hydratation de la peau. La forme active de la vitamine C inhibe l&rsquo;activit\u00e9 de la tyrosinase et la m\u00e9lanog\u00e9n\u00e8se, ce qui contribue \u00e0 unifier le teint de la peau et \u00e0 r\u00e9duire l&rsquo;apparence de la pigmentation et des changements li\u00e9s au stress. <\/p>\n<p data-start=\"738\" data-end=\"1014\">Le complexe antioxydant neutralise les esp\u00e8ces r\u00e9actives de l&rsquo;oxyg\u00e8ne, pr\u00e9vient la peroxydation des lipides et ralentit les processus de vieillissement pr\u00e9matur\u00e9. Le s\u00e9rum stimule la r\u00e9g\u00e9n\u00e9ration cellulaire, am\u00e9liore les processus m\u00e9taboliques et favorise le renouvellement de l&rsquo;\u00e9piderme, laissant la peau lisse, douce et soyeuse. <\/p>\n<p data-start=\"1016\" data-end=\"1160\">La formule \u00e0 base d&rsquo;huile d&rsquo;olive, d&rsquo;amande et de jojoba, de squalane et de l\u00e9cithine assure le confort des peaux sensibles et pr\u00e9vient le dess\u00e8chement.<\/p>\n<p data-start=\"1162\" data-end=\"1364\"><strong data-start=\"1162\" data-end=\"1179\">Principaux b\u00e9n\u00e9fices :<\/strong><br data-start=\"1179\" data-end=\"1182\">&#8211; Stimule la synth\u00e8se du collag\u00e8ne<br data-start=\"1213\" data-end=\"1216\">&#8211; Renforce les parois capillaires<br data-start=\"1245\" data-end=\"1248\">&#8211; Unifie le ton de la peau et \u00e9claircit le teint<br data-start=\"1290\" data-end=\"1293\">&#8211; Fournit une protection antioxydante<br data-start=\"1326\" data-end=\"1329\">&#8211; Restaure la barri\u00e8re hydrolipidique<\/p>\n<p data-start=\"1366\" data-end=\"1539\"><strong data-start=\"1366\" data-end=\"1389\">Mode d&#8217;emploi :<\/strong><br data-start=\"1389\" data-end=\"1392\">Appliquer matin et soir sur la peau nettoy\u00e9e du visage, du cou et du d\u00e9collet\u00e9. Recommand\u00e9 en combinaison avec une cr\u00e8me (art. 10037, 10039). <\/p>\n<p data-start=\"1366\" data-end=\"1539\"><span data-sheets-root=\"1\"><strong>Ingr\u00e9dients :<\/strong><br \/>\nHuiles : Olive, amande, jojoba, citron vert, pamplemousse, squalane, l\u00e9cithine, acide lipo\u00efque, tocoph\u00e9rol, ubiquinone, t\u00e9traisopalmitate d&rsquo;ascorbyle.<\/span><\/p>\n","protected":false},"excerpt":{"rendered":"<p>S\u00e9rum professionnel \u00e0 la vitamine C, con\u00e7u pour le soin des peaux sensibles et couperos\u00e9es, sujettes \u00e0 la r\u00e9activit\u00e9 et aux manifestations vasculaires. La formule stimule la synth\u00e8se du collag\u00e8ne, renforce les parois capillaires et favorise une r\u00e9cup\u00e9ration plus rapide de la peau. Le s\u00e9rum a une forte p\u00e9n\u00e9tration, restaure efficacement la barri\u00e8re hydrolipidique et [&hellip;]<\/p>\n","protected":false},"featured_media":7718,"comment_status":"open","ping_status":"closed","template":"","meta":[],"product_brand":[60],"product_cat":[118],"product_tag":[],"class_list":{"0":"post-7717","1":"product","2":"type-product","3":"status-publish","4":"has-post-thumbnail","6":"product_brand-apricot-line","7":"product_cat-apricot-line-cosmetiques-pour-peaux-sensibles-a-la-couperose","9":"first","10":"instock","11":"shipping-taxable","12":"purchasable","13":"product-type-simple"},"aioseo_notices":[],"_links":{"self":[{"href":"https:\/\/pelartlabbenelux.com\/fr\/wp-json\/wp\/v2\/product\/7717","targetHints":{"allow":["GET"]}}],"collection":[{"href":"https:\/\/pelartlabbenelux.com\/fr\/wp-json\/wp\/v2\/product"}],"about":[{"href":"https:\/\/pelartlabbenelux.com\/fr\/wp-json\/wp\/v2\/types\/product"}],"replies":[{"embeddable":true,"href":"https:\/\/pelartlabbenelux.com\/fr\/wp-json\/wp\/v2\/comments?post=7717"}],"version-history":[{"count":0,"href":"https:\/\/pelartlabbenelux.com\/fr\/wp-json\/wp\/v2\/product\/7717\/revisions"}],"wp:featuredmedia":[{"embeddable":true,"href":"https:\/\/pelartlabbenelux.com\/fr\/wp-json\/wp\/v2\/media\/7718"}],"wp:attachment":[{"href":"https:\/\/pelartlabbenelux.com\/fr\/wp-json\/wp\/v2\/media?parent=7717"}],"wp:term":[{"taxonomy":"product_brand","embeddable":true,"href":"https:\/\/pelartlabbenelux.com\/fr\/wp-json\/wp\/v2\/product_brand?post=7717"},{"taxonomy":"product_cat","embeddable":true,"href":"https:\/\/pelartlabbenelux.com\/fr\/wp-json\/wp\/v2\/product_cat?post=7717"},{"taxonomy":"product_tag","embeddable":true,"href":"https:\/\/pelartlabbenelux.com\/fr\/wp-json\/wp\/v2\/product_tag?post=7717"}],"curies":[{"name":"wp","href":"https:\/\/api.w.org\/{rel}","templated":true}]}}