{"id":7703,"date":"2026-01-28T16:10:10","date_gmt":"2026-01-28T16:10:10","guid":{"rendered":"https:\/\/pelartlabbenelux.com\/product\/almask-hydrating-premium-quality-ligne-almask-300-g\/"},"modified":"2026-02-04T12:28:46","modified_gmt":"2026-02-04T12:28:46","slug":"almask-hydrating-premium-quality-ligne-almask-300-g","status":"publish","type":"product","link":"https:\/\/pelartlabbenelux.com\/fr\/produit\/almask-hydrating-premium-quality-ligne-almask-300-g\/","title":{"rendered":"Almask Hydrating Premium Quality, Ligne Almask, 300 g"},"content":{"rendered":"<div class=\"flex flex-col text-sm pb-25\">\n<article class=\"text-token-text-primary w-full focus:outline-none [--shadow-height:45px] has-data-writing-block:pointer-events-none has-data-writing-block:-mt-(--shadow-height) has-data-writing-block:pt-(--shadow-height) [&amp;:has([data-writing-block])&gt;*]:pointer-events-auto scroll-mt-[calc(var(--header-height)+min(200px,max(70px,20svh)))]\" dir=\"auto\" tabindex=\"-1\" data-turn-id=\"request-69627c1d-3f74-8330-aedd-8dfee0239cad-73\" data-testid=\"conversation-turn-412\" data-scroll-anchor=\"true\" data-turn=\"assistant\">\n<div class=\"text-base my-auto mx-auto pb-10 [--thread-content-margin:--spacing(4)] @w-sm\/main:[--thread-content-margin:--spacing(6)] @w-lg\/main:[--thread-content-margin:--spacing(16)] px-(--thread-content-margin)\">\n<div class=\"[--thread-content-max-width:40rem] @w-lg\/main:[--thread-content-max-width:48rem] mx-auto max-w-(--thread-content-max-width) flex-1 group\/turn-messages focus-visible:outline-hidden relative flex w-full min-w-0 flex-col agent-turn\" tabindex=\"-1\">\n<div class=\"flex max-w-full flex-col grow\">\n<div class=\"min-h-8 text-message relative flex w-full flex-col items-end gap-2 text-start break-words whitespace-normal [.text-message+&amp;]:mt-1\" dir=\"auto\" data-message-author-role=\"assistant\" data-message-id=\"f8b77e90-c1eb-4c49-86e1-f9c49448e019\" data-message-model-slug=\"gpt-5-2\">\n<div class=\"flex w-full flex-col gap-1 empty:hidden first:pt-[1px]\">\n<div class=\"markdown prose dark:prose-invert w-full break-words light markdown-new-styling\">\n<p data-start=\"0\" data-end=\"290\"><strong data-start=\"0\" data-end=\"61\">Masque professionnel hydratant \u00e0 base d&rsquo;alginate et de coenzyme Q10<\/strong>, con\u00e7u pour r\u00e9tablir l&rsquo;\u00e9quilibre hydrique de la peau et am\u00e9liorer son \u00e9lasticit\u00e9. Le masque hydrate intens\u00e9ment la peau, am\u00e9liore sa texture et r\u00e9tablit une sensation de confort, laissant la peau plus lisse et soign\u00e9e.<\/p>\n<p data-start=\"292\" data-end=\"669\">La coenzyme Q10 offre une protection antioxydante prononc\u00e9e, stimule la synth\u00e8se du collag\u00e8ne et soutient le m\u00e9tabolisme \u00e9nerg\u00e9tique cellulaire, contribuant ainsi \u00e0 ralentir les changements li\u00e9s \u00e0 l&rsquo;\u00e2ge. L&rsquo;acide hyaluronique renforce l&rsquo;hydratation, tandis que l&rsquo;extrait de lavande apaise la peau et favorise la r\u00e9cup\u00e9ration. La poudre de perle am\u00e9liore l&rsquo;aspect g\u00e9n\u00e9ral de la peau, en lui donnant de la fra\u00eecheur et un \u00e9clat doux et naturel.<\/p>\n<p data-start=\"671\" data-end=\"784\">Ce masque convient \u00e0 tous les types de peau, en particulier aux peaux d\u00e9shydrat\u00e9es, ternes et pr\u00e9sentant les premiers signes de vieillissement.<\/p>\n<p data-start=\"786\" data-end=\"1012\"><strong data-start=\"786\" data-end=\"802\">Effets cl\u00e9s :<\/strong><br data-start=\"802\" data-end=\"805\" \/>&#8211; hydratation intensive et durable<br data-start=\"843\" data-end=\"846\" \/>&#8211; am\u00e9lioration de la fermet\u00e9 et de l&rsquo;\u00e9lasticit\u00e9 de la peau<br data-start=\"885\" data-end=\"888\" \/>&#8211; protection antioxydante et pr\u00e9vention du vieillissement<br data-start=\"936\" data-end=\"939\" \/>&#8211; r\u00e9duction des ridules<br data-start=\"964\" data-end=\"967\" \/>&#8211; am\u00e9lioration du teint et de l&rsquo;aspect g\u00e9n\u00e9ral de la peau<\/p>\n<p data-start=\"1014\" data-end=\"1432\" data-is-last-node=\"\" data-is-only-node=\"\"><strong data-start=\"1014\" data-end=\"1029\">Mode d&#8217;emploi :<\/strong><br data-start=\"1029\" data-end=\"1032\" \/>Mesurez 20 g de poudre de masque et placez-les dans un r\u00e9cipient sec. Ajoutez 45 \u00e0 50 ml d&rsquo;eau \u00e0 une temp\u00e9rature de 20 \u00e0 25 \u00b0C et m\u00e9langez soigneusement jusqu&rsquo;\u00e0 l&rsquo;obtention d&rsquo;une consistance lisse et homog\u00e8ne. Appliquez une couche dense sur la peau nettoy\u00e9e du visage \u00e0 l&rsquo;aide d&rsquo;une spatule ou d&rsquo;un pinceau. Laissez agir pendant 15 \u00e0 20 minutes jusqu&rsquo;\u00e0 ce que le masque soit compl\u00e8tement pris, puis retirez-le en une seule fois, en commen\u00e7ant par le menton et en remontant vers le front.<\/p>\n<\/div>\n<\/div>\n<\/div>\n<\/div>\n<div class=\"z-0 flex min-h-[46px] justify-start\"><span data-sheets-root=\"1\"><strong>Ingr\u00e9dients :<\/strong><br \/>\nAlginate de sodium, Tapioca, Extrait de lavande, Poudre de perle, Coenzyme Q10, Hyaluronate de sodium.<\/span><\/div>\n<\/div>\n<\/div>\n<\/article>\n<\/div>\n","protected":false},"excerpt":{"rendered":"<p>Masque professionnel hydratant \u00e0 base d&rsquo;alginate et de coenzyme Q10, con\u00e7u pour r\u00e9tablir l&rsquo;\u00e9quilibre hydrique de la peau et am\u00e9liorer son \u00e9lasticit\u00e9. Le masque hydrate intens\u00e9ment la peau, am\u00e9liore sa texture et r\u00e9tablit une sensation de confort, laissant la peau plus lisse et soign\u00e9e. La coenzyme Q10 offre une protection antioxydante prononc\u00e9e, stimule la synth\u00e8se [&hellip;]<\/p>\n","protected":false},"featured_media":7704,"comment_status":"open","ping_status":"closed","template":"","meta":[],"product_brand":[86],"product_cat":[117],"product_tag":[],"class_list":{"0":"post-7703","1":"product","2":"type-product","3":"status-publish","4":"has-post-thumbnail","6":"product_brand-almask-line","7":"product_cat-masques-en-alginate-almask-line","9":"first","10":"instock","11":"shipping-taxable","12":"purchasable","13":"product-type-simple"},"aioseo_notices":[],"_links":{"self":[{"href":"https:\/\/pelartlabbenelux.com\/fr\/wp-json\/wp\/v2\/product\/7703","targetHints":{"allow":["GET"]}}],"collection":[{"href":"https:\/\/pelartlabbenelux.com\/fr\/wp-json\/wp\/v2\/product"}],"about":[{"href":"https:\/\/pelartlabbenelux.com\/fr\/wp-json\/wp\/v2\/types\/product"}],"replies":[{"embeddable":true,"href":"https:\/\/pelartlabbenelux.com\/fr\/wp-json\/wp\/v2\/comments?post=7703"}],"version-history":[{"count":1,"href":"https:\/\/pelartlabbenelux.com\/fr\/wp-json\/wp\/v2\/product\/7703\/revisions"}],"predecessor-version":[{"id":7708,"href":"https:\/\/pelartlabbenelux.com\/fr\/wp-json\/wp\/v2\/product\/7703\/revisions\/7708"}],"wp:featuredmedia":[{"embeddable":true,"href":"https:\/\/pelartlabbenelux.com\/fr\/wp-json\/wp\/v2\/media\/7704"}],"wp:attachment":[{"href":"https:\/\/pelartlabbenelux.com\/fr\/wp-json\/wp\/v2\/media?parent=7703"}],"wp:term":[{"taxonomy":"product_brand","embeddable":true,"href":"https:\/\/pelartlabbenelux.com\/fr\/wp-json\/wp\/v2\/product_brand?post=7703"},{"taxonomy":"product_cat","embeddable":true,"href":"https:\/\/pelartlabbenelux.com\/fr\/wp-json\/wp\/v2\/product_cat?post=7703"},{"taxonomy":"product_tag","embeddable":true,"href":"https:\/\/pelartlabbenelux.com\/fr\/wp-json\/wp\/v2\/product_tag?post=7703"}],"curies":[{"name":"wp","href":"https:\/\/api.w.org\/{rel}","templated":true}]}}