{"id":7701,"date":"2026-01-29T10:28:03","date_gmt":"2026-01-29T10:28:03","guid":{"rendered":"https:\/\/pelartlabbenelux.com\/product\/almask-anti-acne-almask-line-30-g\/"},"modified":"2026-02-11T21:41:19","modified_gmt":"2026-02-11T21:41:19","slug":"almask-anti-acne-almask-line-30-g","status":"publish","type":"product","link":"https:\/\/pelartlabbenelux.com\/fr\/produit\/almask-anti-acne-almask-line-30-g\/","title":{"rendered":"Almask Anti-Acn\u00e9, Almask Line, 30 g"},"content":{"rendered":"<p data-start=\"0\" data-end=\"280\"><strong data-start=\"0\" data-end=\"30\">Masque professionnel \u00e0 l&rsquo;alginate<\/strong> sp\u00e9cialement con\u00e7u pour le soin des peaux \u00e0 probl\u00e8mes sujettes \u00e0 l&rsquo;acn\u00e9, \u00e0 l&rsquo;inflammation et \u00e0 la production excessive de s\u00e9bum. Le masque a un effet apaisant et anti-inflammatoire prononc\u00e9, aide \u00e0 r\u00e9duire les rougeurs et am\u00e9liore l&rsquo;\u00e9tat g\u00e9n\u00e9ral de la peau.<\/p>\n<p data-start=\"282\" data-end=\"551\">Le salicylate de sodium poss\u00e8de des propri\u00e9t\u00e9s antiseptiques et k\u00e9ratolytiques, aide \u00e0 nettoyer les pores, \u00e0 supprimer la microflore pathog\u00e8ne et \u00e0 normaliser l&rsquo;activit\u00e9 des glandes s\u00e9bac\u00e9es. Les extraits de menthe et de g\u00e9ranium renforcent l&rsquo;effet calmant, acc\u00e9l\u00e8rent le r\u00e9tablissement de la peau et contribuent \u00e0 resserrer les pores.<\/p>\n<p data-start=\"553\" data-end=\"710\">Le masque est recommand\u00e9 pour les traitements professionnels de l&rsquo;acn\u00e9, des com\u00e9dons et des \u00e9l\u00e9ments inflammatoires, ainsi que pour les soins r\u00e9guliers des peaux grasses et mixtes.<\/p>\n<p data-start=\"712\" data-end=\"922\"><strong data-start=\"712\" data-end=\"728\">Principaux effets :<\/strong><br data-start=\"728\" data-end=\"731\" \/>&#8211; r\u00e9duction de l&rsquo;inflammation et des rougeurs<br data-start=\"770\" data-end=\"773\" \/>&#8211; normalisation de la production de s\u00e9bum<br data-start=\"808\" data-end=\"811\" \/>&#8211; nettoyage et resserrement des pores<br data-start=\"842\" data-end=\"845\" \/>&#8211; action antiseptique et apaisante<br data-start=\"877\" data-end=\"880\" \/>&#8211; acc\u00e9l\u00e9ration des processus de cicatrisation de la peau<\/p>\n<p data-start=\"924\" data-end=\"1337\" data-is-last-node=\"\" data-is-only-node=\"\"><strong data-start=\"924\" data-end=\"939\">Mode d&#8217;emploi :<\/strong><br data-start=\"939\" data-end=\"942\" \/>Mesurez 20 g de poudre de masque et placez-les dans un r\u00e9cipient sec. Ajoutez 45 \u00e0 50 ml d&rsquo;eau \u00e0 une temp\u00e9rature de 20 \u00e0 25 \u00b0C et m\u00e9langez soigneusement jusqu&rsquo;\u00e0 l&rsquo;obtention d&rsquo;une consistance lisse et homog\u00e8ne. Appliquez une couche dense sur la peau nettoy\u00e9e du visage \u00e0 l&rsquo;aide d&rsquo;une spatule ou d&rsquo;un pinceau. Laissez agir pendant 15 \u00e0 20 minutes jusqu&rsquo;\u00e0 ce que le masque soit compl\u00e8tement pris. Retirez le masque en une seule fois, en commen\u00e7ant par le menton et en remontant vers le front.<\/p>\n<p data-start=\"924\" data-end=\"1337\" data-is-last-node=\"\" data-is-only-node=\"\"><span data-sheets-root=\"1\"><strong>Ingr\u00e9dients :<\/strong><br \/>\nAlginate de sodium, Tapioca, Extrait de menthe, Salicylate de sodium, Extrait de g\u00e9ranium, Acide borique. <\/span><\/p>\n","protected":false},"excerpt":{"rendered":"<p>Masque professionnel \u00e0 l&rsquo;alginate sp\u00e9cialement con\u00e7u pour le soin des peaux \u00e0 probl\u00e8mes sujettes \u00e0 l&rsquo;acn\u00e9, \u00e0 l&rsquo;inflammation et \u00e0 la production excessive de s\u00e9bum. Le masque a un effet apaisant et anti-inflammatoire prononc\u00e9, aide \u00e0 r\u00e9duire les rougeurs et am\u00e9liore l&rsquo;\u00e9tat g\u00e9n\u00e9ral de la peau. Le salicylate de sodium poss\u00e8de des propri\u00e9t\u00e9s antiseptiques et [&hellip;]<\/p>\n","protected":false},"featured_media":7702,"comment_status":"open","ping_status":"closed","template":"","meta":[],"product_brand":[86],"product_cat":[117],"product_tag":[],"class_list":{"0":"post-7701","1":"product","2":"type-product","3":"status-publish","4":"has-post-thumbnail","6":"product_brand-almask-line","7":"product_cat-masques-en-alginate-almask-line","9":"first","10":"instock","11":"shipping-taxable","12":"purchasable","13":"product-type-simple"},"aioseo_notices":[],"_links":{"self":[{"href":"https:\/\/pelartlabbenelux.com\/fr\/wp-json\/wp\/v2\/product\/7701","targetHints":{"allow":["GET"]}}],"collection":[{"href":"https:\/\/pelartlabbenelux.com\/fr\/wp-json\/wp\/v2\/product"}],"about":[{"href":"https:\/\/pelartlabbenelux.com\/fr\/wp-json\/wp\/v2\/types\/product"}],"replies":[{"embeddable":true,"href":"https:\/\/pelartlabbenelux.com\/fr\/wp-json\/wp\/v2\/comments?post=7701"}],"version-history":[{"count":1,"href":"https:\/\/pelartlabbenelux.com\/fr\/wp-json\/wp\/v2\/product\/7701\/revisions"}],"predecessor-version":[{"id":7710,"href":"https:\/\/pelartlabbenelux.com\/fr\/wp-json\/wp\/v2\/product\/7701\/revisions\/7710"}],"wp:featuredmedia":[{"embeddable":true,"href":"https:\/\/pelartlabbenelux.com\/fr\/wp-json\/wp\/v2\/media\/7702"}],"wp:attachment":[{"href":"https:\/\/pelartlabbenelux.com\/fr\/wp-json\/wp\/v2\/media?parent=7701"}],"wp:term":[{"taxonomy":"product_brand","embeddable":true,"href":"https:\/\/pelartlabbenelux.com\/fr\/wp-json\/wp\/v2\/product_brand?post=7701"},{"taxonomy":"product_cat","embeddable":true,"href":"https:\/\/pelartlabbenelux.com\/fr\/wp-json\/wp\/v2\/product_cat?post=7701"},{"taxonomy":"product_tag","embeddable":true,"href":"https:\/\/pelartlabbenelux.com\/fr\/wp-json\/wp\/v2\/product_tag?post=7701"}],"curies":[{"name":"wp","href":"https:\/\/api.w.org\/{rel}","templated":true}]}}