{"id":7698,"date":"2026-01-29T10:24:48","date_gmt":"2026-01-29T10:24:48","guid":{"rendered":"https:\/\/pelartlabbenelux.com\/product\/almask-ideal-brightening-ligne-almask-30-g\/"},"modified":"2026-02-04T12:29:06","modified_gmt":"2026-02-04T12:29:06","slug":"almask-ideal-brightening-ligne-almask-30-g","status":"publish","type":"product","link":"https:\/\/pelartlabbenelux.com\/fr\/produit\/almask-ideal-brightening-ligne-almask-30-g\/","title":{"rendered":"Almask Ideal Brightening, Ligne Almask, 30 g"},"content":{"rendered":"<p data-start=\"0\" data-end=\"306\"><strong data-start=\"0\" data-end=\"30\">Masque professionnel<\/strong> \u00e0 l&rsquo;<strong data-start=\"0\" data-end=\"30\">alginate<\/strong> avec un effet \u00e9claircissant et tonifiant prononc\u00e9, con\u00e7u pour le soin des peaux ternes avec pigmentation et signes d&rsquo;inflammation. Le masque hydrate activement la peau, am\u00e9liore son aspect et aide \u00e0 retrouver un \u00e9tat de peau confortable d\u00e8s la premi\u00e8re intervention.<\/p>\n<p data-start=\"308\" data-end=\"576\">Les extraits de busserole et de lys, riches en arbutine, \u00e9claircissent d\u00e9licatement la peau, unifient le teint et r\u00e9duisent l&rsquo;apparence des taches pigmentaires. La formule poss\u00e8de des propri\u00e9t\u00e9s anti-inflammatoires et antimicrobiennes, aide \u00e0 r\u00e9duire les rougeurs et favorise l&rsquo;\u00e9quilibre de la peau.<\/p>\n<p data-start=\"578\" data-end=\"778\">Ce masque est id\u00e9al pour les traitements professionnels de soins de la peau ainsi que pour les programmes d&rsquo;\u00e9claircissement et de restauration. Pour am\u00e9liorer les r\u00e9sultats, il est recommand\u00e9 de l&rsquo;utiliser en combinaison avec le <strong data-start=\"758\" data-end=\"777\">s\u00e9rum MELFADE-J.<\/strong><\/p>\n<p data-start=\"780\" data-end=\"985\"><strong data-start=\"780\" data-end=\"796\">Principaux effets :<\/strong><br data-start=\"796\" data-end=\"799\" \/>&#8211; \u00e9claircissement et uniformisation du teint<br data-start=\"837\" data-end=\"840\" \/>&#8211; r\u00e9duction de la pigmentation visible<br data-start=\"875\" data-end=\"878\" \/>&#8211; hydratation intensive<br data-start=\"899\" data-end=\"902\" \/>&#8211; action anti-inflammatoire<br data-start=\"928\" data-end=\"931\" \/>&#8211; am\u00e9lioration de l&rsquo;\u00e9tat g\u00e9n\u00e9ral de la peau et de son \u00e9clat<\/p>\n<p data-start=\"987\" data-end=\"1400\" data-is-last-node=\"\" data-is-only-node=\"\"><strong data-start=\"987\" data-end=\"1002\">Mode d&#8217;emploi :<\/strong><br data-start=\"1002\" data-end=\"1005\" \/>Mesurez 20 g de poudre de masque et placez-les dans un r\u00e9cipient sec. Ajoutez 45 \u00e0 50 ml d&rsquo;eau \u00e0 une temp\u00e9rature de 20 \u00e0 25 \u00b0C et m\u00e9langez soigneusement jusqu&rsquo;\u00e0 l&rsquo;obtention d&rsquo;une consistance lisse et homog\u00e8ne. Appliquez une couche dense sur la peau nettoy\u00e9e du visage \u00e0 l&rsquo;aide d&rsquo;une spatule ou d&rsquo;un pinceau. Laissez agir pendant 15 \u00e0 20 minutes jusqu&rsquo;\u00e0 ce que le masque soit compl\u00e8tement pris. Retirez le masque en une seule fois, en commen\u00e7ant par le menton et en remontant vers le front.<\/p>\n<p data-start=\"987\" data-end=\"1400\" data-is-last-node=\"\" data-is-only-node=\"\"><span data-sheets-root=\"1\"><strong>Ingr\u00e9dients :<\/strong><br \/>\nAlginate de sodium, poudre de riz, extrait de busserole, extrait de lys, ascorbyl glucoside. <\/span><\/p>\n","protected":false},"excerpt":{"rendered":"<p>Masque professionnel \u00e0 l&rsquo;alginate avec un effet \u00e9claircissant et tonifiant prononc\u00e9, con\u00e7u pour le soin des peaux ternes avec pigmentation et signes d&rsquo;inflammation. Le masque hydrate activement la peau, am\u00e9liore son aspect et aide \u00e0 retrouver un \u00e9tat de peau confortable d\u00e8s la premi\u00e8re intervention. Les extraits de busserole et de lys, riches en arbutine, [&hellip;]<\/p>\n","protected":false},"featured_media":7700,"comment_status":"open","ping_status":"closed","template":"","meta":[],"product_brand":[86],"product_cat":[117],"product_tag":[],"class_list":{"0":"post-7698","1":"product","2":"type-product","3":"status-publish","4":"has-post-thumbnail","6":"product_brand-almask-line","7":"product_cat-masques-en-alginate-almask-line","9":"first","10":"instock","11":"shipping-taxable","12":"purchasable","13":"product-type-simple"},"aioseo_notices":[],"_links":{"self":[{"href":"https:\/\/pelartlabbenelux.com\/fr\/wp-json\/wp\/v2\/product\/7698","targetHints":{"allow":["GET"]}}],"collection":[{"href":"https:\/\/pelartlabbenelux.com\/fr\/wp-json\/wp\/v2\/product"}],"about":[{"href":"https:\/\/pelartlabbenelux.com\/fr\/wp-json\/wp\/v2\/types\/product"}],"replies":[{"embeddable":true,"href":"https:\/\/pelartlabbenelux.com\/fr\/wp-json\/wp\/v2\/comments?post=7698"}],"version-history":[{"count":1,"href":"https:\/\/pelartlabbenelux.com\/fr\/wp-json\/wp\/v2\/product\/7698\/revisions"}],"predecessor-version":[{"id":7709,"href":"https:\/\/pelartlabbenelux.com\/fr\/wp-json\/wp\/v2\/product\/7698\/revisions\/7709"}],"wp:featuredmedia":[{"embeddable":true,"href":"https:\/\/pelartlabbenelux.com\/fr\/wp-json\/wp\/v2\/media\/7700"}],"wp:attachment":[{"href":"https:\/\/pelartlabbenelux.com\/fr\/wp-json\/wp\/v2\/media?parent=7698"}],"wp:term":[{"taxonomy":"product_brand","embeddable":true,"href":"https:\/\/pelartlabbenelux.com\/fr\/wp-json\/wp\/v2\/product_brand?post=7698"},{"taxonomy":"product_cat","embeddable":true,"href":"https:\/\/pelartlabbenelux.com\/fr\/wp-json\/wp\/v2\/product_cat?post=7698"},{"taxonomy":"product_tag","embeddable":true,"href":"https:\/\/pelartlabbenelux.com\/fr\/wp-json\/wp\/v2\/product_tag?post=7698"}],"curies":[{"name":"wp","href":"https:\/\/api.w.org\/{rel}","templated":true}]}}