{"id":7689,"date":"2026-01-29T10:30:18","date_gmt":"2026-01-29T10:30:18","guid":{"rendered":"https:\/\/pelartlabbenelux.com\/product\/almask-anti-age-q10-ligne-almask-30-g\/"},"modified":"2026-03-23T21:51:35","modified_gmt":"2026-03-23T21:51:35","slug":"almask-anti-age-q10-ligne-almask-30-g","status":"publish","type":"product","link":"https:\/\/pelartlabbenelux.com\/fr\/produit\/almask-anti-age-q10-ligne-almask-30-g\/","title":{"rendered":"Almask Anti-Age Q10, Ligne Almask, 30 g"},"content":{"rendered":"<p data-start=\"0\" data-end=\"279\"><strong data-start=\"0\" data-end=\"41\">Masque professionnel anti-\u00e2ge<\/strong> \u00e0 base d<strong data-start=\"0\" data-end=\"41\">&lsquo;alginate<\/strong> avec un effet hydratant et liftant prononc\u00e9, con\u00e7u pour le soin des peaux pr\u00e9sentant des signes de vieillissement. Le masque r\u00e9tablit intens\u00e9ment l&rsquo;\u00e9quilibre hydrique de la peau, augmente sa fermet\u00e9 et contribue \u00e0 acc\u00e9l\u00e9rer les processus de r\u00e9g\u00e9n\u00e9ration cellulaire.<\/p>\n<p data-start=\"281\" data-end=\"573\">L&rsquo;extrait d&rsquo;Edelweiss, riche en compos\u00e9s phyto actifs, offre une protection antioxydante puissante, neutralise les radicaux libres et ralentit les processus de vieillissement pr\u00e9matur\u00e9. L&rsquo;aloe vera et la camomille apaisent la peau, r\u00e9duisent les irritations et rendent le masque particuli\u00e8rement adapt\u00e9 aux peaux sensibles et r\u00e9actives.<\/p>\n<p data-start=\"575\" data-end=\"730\">Le masque am\u00e9liore \u00e9galement la p\u00e9n\u00e9tration des produits actifs appliqu\u00e9s pr\u00e9c\u00e9demment, augmentant ainsi l&rsquo;efficacit\u00e9 des programmes anti-\u00e2ge professionnels et domestiques.<\/p>\n<p data-start=\"732\" data-end=\"992\"><strong data-start=\"732\" data-end=\"748\">Effets cl\u00e9s :<\/strong><br data-start=\"748\" data-end=\"751\" \/>&#8211; hydratation intensive et r\u00e9tablissement de l&rsquo;\u00e9quilibre hydrique<br data-start=\"808\" data-end=\"811\" \/>&#8211; effet liftant et am\u00e9lioration de la fermet\u00e9 de la peau<br data-start=\"854\" data-end=\"857\" \/>&#8211; protection antioxydante et ralentissement des processus de vieillissement<br data-start=\"912\" data-end=\"915\" \/>&#8211; acc\u00e9l\u00e9ration de la r\u00e9g\u00e9n\u00e9ration cellulaire<br data-start=\"954\" data-end=\"957\" \/>&#8211; action apaisante et r\u00e9paratrice<\/p>\n<p data-start=\"994\" data-end=\"1407\" data-is-last-node=\"\" data-is-only-node=\"\"><strong data-start=\"994\" data-end=\"1009\">Mode d&#8217;emploi :<\/strong><br data-start=\"1009\" data-end=\"1012\" \/>Mesurez 20 g de poudre de masque et placez-les dans un r\u00e9cipient sec. Ajoutez 45 \u00e0 50 ml d&rsquo;eau \u00e0 une temp\u00e9rature de 20 \u00e0 25 \u00b0C et m\u00e9langez soigneusement jusqu&rsquo;\u00e0 l&rsquo;obtention d&rsquo;une consistance lisse et homog\u00e8ne. Appliquez une couche dense sur la peau nettoy\u00e9e du visage \u00e0 l&rsquo;aide d&rsquo;une spatule ou d&rsquo;un pinceau. Laissez agir pendant 15 \u00e0 20 minutes jusqu&rsquo;\u00e0 ce que le masque soit compl\u00e8tement pris. Retirez le masque en une seule fois, en commen\u00e7ant par le menton et en remontant vers le front.<\/p>\n<p data-start=\"994\" data-end=\"1407\" data-is-last-node=\"\" data-is-only-node=\"\"><span data-sheets-root=\"1\"><strong>Ingr\u00e9dients :<br \/>\n<\/strong>Alginate de sodium, Tapioca, extrait d&rsquo;alo\u00e8s, extrait de camomille, extrait d&rsquo;edelweiss, hyaluronate de sodium. <\/span><\/p>\n","protected":false},"excerpt":{"rendered":"<p>Masque professionnel anti-\u00e2ge \u00e0 base d&lsquo;alginate avec un effet hydratant et liftant prononc\u00e9, con\u00e7u pour le soin des peaux pr\u00e9sentant des signes de vieillissement. Le masque r\u00e9tablit intens\u00e9ment l&rsquo;\u00e9quilibre hydrique de la peau, augmente sa fermet\u00e9 et contribue \u00e0 acc\u00e9l\u00e9rer les processus de r\u00e9g\u00e9n\u00e9ration cellulaire. L&rsquo;extrait d&rsquo;Edelweiss, riche en compos\u00e9s phyto actifs, offre une protection [&hellip;]<\/p>\n","protected":false},"featured_media":7691,"comment_status":"open","ping_status":"closed","template":"","meta":[],"product_brand":[86],"product_cat":[117],"product_tag":[],"class_list":{"0":"post-7689","1":"product","2":"type-product","3":"status-publish","4":"has-post-thumbnail","6":"product_brand-almask-line","7":"product_cat-masques-en-alginate-almask-line","9":"first","10":"instock","11":"shipping-taxable","12":"purchasable","13":"product-type-simple"},"aioseo_notices":[],"_links":{"self":[{"href":"https:\/\/pelartlabbenelux.com\/fr\/wp-json\/wp\/v2\/product\/7689","targetHints":{"allow":["GET"]}}],"collection":[{"href":"https:\/\/pelartlabbenelux.com\/fr\/wp-json\/wp\/v2\/product"}],"about":[{"href":"https:\/\/pelartlabbenelux.com\/fr\/wp-json\/wp\/v2\/types\/product"}],"replies":[{"embeddable":true,"href":"https:\/\/pelartlabbenelux.com\/fr\/wp-json\/wp\/v2\/comments?post=7689"}],"version-history":[{"count":1,"href":"https:\/\/pelartlabbenelux.com\/fr\/wp-json\/wp\/v2\/product\/7689\/revisions"}],"predecessor-version":[{"id":7711,"href":"https:\/\/pelartlabbenelux.com\/fr\/wp-json\/wp\/v2\/product\/7689\/revisions\/7711"}],"wp:featuredmedia":[{"embeddable":true,"href":"https:\/\/pelartlabbenelux.com\/fr\/wp-json\/wp\/v2\/media\/7691"}],"wp:attachment":[{"href":"https:\/\/pelartlabbenelux.com\/fr\/wp-json\/wp\/v2\/media?parent=7689"}],"wp:term":[{"taxonomy":"product_brand","embeddable":true,"href":"https:\/\/pelartlabbenelux.com\/fr\/wp-json\/wp\/v2\/product_brand?post=7689"},{"taxonomy":"product_cat","embeddable":true,"href":"https:\/\/pelartlabbenelux.com\/fr\/wp-json\/wp\/v2\/product_cat?post=7689"},{"taxonomy":"product_tag","embeddable":true,"href":"https:\/\/pelartlabbenelux.com\/fr\/wp-json\/wp\/v2\/product_tag?post=7689"}],"curies":[{"name":"wp","href":"https:\/\/api.w.org\/{rel}","templated":true}]}}