{"id":7637,"date":"2026-01-28T16:10:30","date_gmt":"2026-01-28T16:10:30","guid":{"rendered":"https:\/\/pelartlabbenelux.com\/product\/senolytic-day-cream-spf30-ageless-line-30-ml\/"},"modified":"2026-02-03T23:40:20","modified_gmt":"2026-02-03T23:40:20","slug":"senolytic-day-cream-spf30-ageless-line-30-ml","status":"publish","type":"product","link":"https:\/\/pelartlabbenelux.com\/fr\/produit\/senolytic-day-cream-spf30-ageless-line-30-ml\/","title":{"rendered":"Senolytic Day Cream SPF30, Ageless Line, 30 ml"},"content":{"rendered":"<p data-start=\"0\" data-end=\"300\"><strong data-start=\"0\" data-end=\"30\">Senolytic Day Cream SPF 30<\/strong> est con\u00e7ue pour une protection quotidienne contre le photovieillissement et la correction des changements cutan\u00e9s li\u00e9s \u00e0 l&rsquo;\u00e2ge. Des filtres UV organiques hautement efficaces assurent une protection fiable contre les rayons UVB et une d\u00e9fense photostable contre les rayons UVA, pr\u00e9venant ainsi les dommages cutan\u00e9s et le vieillissement pr\u00e9matur\u00e9.<\/p>\n<p data-start=\"302\" data-end=\"689\">Le <strong data-start=\"317\" data-end=\"338\">complexe s\u00e9nolytique<\/strong> innovant, \u00e0 base de <strong data-start=\"349\" data-end=\"377\">gallate d&rsquo;\u00e9pigallocat\u00e9chine<\/strong> et de <strong data-start=\"382\" data-end=\"397\">resv\u00e9ratrol<\/strong>, cible s\u00e9lectivement les cellules s\u00e9nescentes (vieillissantes) qui d\u00e9clenchent les processus de vieillissement de la peau. Le <strong data-start=\"478\" data-end=\"492\">tocoph\u00e9rol<\/strong> et le <strong data-start=\"497\" data-end=\"512\">tocotri\u00e9nol<\/strong> offrent une puissante protection antioxydante, neutralisent les radicaux libres et favorisent la restauration de la barri\u00e8re \u00e9pidermique, am\u00e9liorant ainsi la r\u00e9sistance de la peau aux agressions de l&rsquo;environnement.<\/p>\n<p data-start=\"691\" data-end=\"835\">Adapt\u00e9e \u00e0 un usage quotidien, cette cr\u00e8me maintient le confort de la peau tout au long de la journ\u00e9e et constitue une \u00e9tape cl\u00e9 des soins anti-\u00e2ge avec protection solaire.<\/p>\n<p data-start=\"837\" data-end=\"1046\"><strong data-start=\"837\" data-end=\"853\">Effets cl\u00e9s :<\/strong><br data-start=\"853\" data-end=\"856\" \/>&#8211; protection contre les rayons UVA\/UVB (SPF 30)<br data-start=\"903\" data-end=\"906\" \/>&#8211; ralentissement des processus de photovieillissement<br data-start=\"939\" data-end=\"942\" \/>&#8211; action s\u00e9nolytique anti-\u00e2ge<br data-start=\"969\" data-end=\"972\" \/>&#8211; protection antioxydante<br data-start=\"996\" data-end=\"999\" \/>&#8211; restauration et soutien de la barri\u00e8re cutan\u00e9e<\/p>\n<p data-start=\"1048\" data-end=\"1260\" data-is-last-node=\"\" data-is-only-node=\"\"><strong data-start=\"1048\" data-end=\"1063\">Mode d&#8217;emploi :<\/strong><br data-start=\"1063\" data-end=\"1066\" \/>Appliquer sur la peau nettoy\u00e9e du visage, du cou et du d\u00e9collet\u00e9 20 \u00e0 30 minutes avant l&rsquo;exposition au soleil. Renouvelez l&rsquo;application toutes les 2 heures en cas d&rsquo;exposition prolong\u00e9e au soleil. Utilisez quotidiennement dans le cadre de la routine de soins du matin.<\/p>\n<p data-start=\"1048\" data-end=\"1260\" data-is-last-node=\"\" data-is-only-node=\"\"><span data-sheets-root=\"1\"><strong>Ingr\u00e9dients :<\/strong><br \/>\nAqua (Eau), Ethylhexyl Methoxycrystal, Diethylamino Hydroxybenzoyl Hexyl Benzoate, Sweet Almond Oil, Octyldodecanol, Cyclopentasiloxane, Sodium Polyacrylate, Panthenol, Glycerin, Sunflower Seed Oil, Tocoph\u00e9rol, gallate d&rsquo;\u00e9pigallocat\u00e9chine, resv\u00e9ratrol, tocotri\u00e9nol, acide lactique, ph\u00e9noxy\u00e9thanol, m\u00e9thylparab\u00e8ne, propylparab\u00e8ne, parfum, alpha-isom\u00e9thyl ionone, salicylate de benzyle, citronnellol, linalol. <\/span><\/p>\n","protected":false},"excerpt":{"rendered":"<p>Senolytic Day Cream SPF 30 est con\u00e7ue pour une protection quotidienne contre le photovieillissement et la correction des changements cutan\u00e9s li\u00e9s \u00e0 l&rsquo;\u00e2ge. Des filtres UV organiques hautement efficaces assurent une protection fiable contre les rayons UVB et une d\u00e9fense photostable contre les rayons UVA, pr\u00e9venant ainsi les dommages cutan\u00e9s et le vieillissement pr\u00e9matur\u00e9. Le [&hellip;]<\/p>\n","protected":false},"featured_media":7638,"comment_status":"open","ping_status":"closed","template":"","meta":[],"product_brand":[90],"product_cat":[110],"product_tag":[],"class_list":{"0":"post-7637","1":"product","2":"type-product","3":"status-publish","4":"has-post-thumbnail","6":"product_brand-ageless-line","7":"product_cat-ligne-ageless-de-soins-cutanes-senolytiques","9":"first","10":"instock","11":"shipping-taxable","12":"purchasable","13":"product-type-simple"},"aioseo_notices":[],"_links":{"self":[{"href":"https:\/\/pelartlabbenelux.com\/fr\/wp-json\/wp\/v2\/product\/7637","targetHints":{"allow":["GET"]}}],"collection":[{"href":"https:\/\/pelartlabbenelux.com\/fr\/wp-json\/wp\/v2\/product"}],"about":[{"href":"https:\/\/pelartlabbenelux.com\/fr\/wp-json\/wp\/v2\/types\/product"}],"replies":[{"embeddable":true,"href":"https:\/\/pelartlabbenelux.com\/fr\/wp-json\/wp\/v2\/comments?post=7637"}],"version-history":[{"count":3,"href":"https:\/\/pelartlabbenelux.com\/fr\/wp-json\/wp\/v2\/product\/7637\/revisions"}],"predecessor-version":[{"id":7641,"href":"https:\/\/pelartlabbenelux.com\/fr\/wp-json\/wp\/v2\/product\/7637\/revisions\/7641"}],"wp:featuredmedia":[{"embeddable":true,"href":"https:\/\/pelartlabbenelux.com\/fr\/wp-json\/wp\/v2\/media\/7638"}],"wp:attachment":[{"href":"https:\/\/pelartlabbenelux.com\/fr\/wp-json\/wp\/v2\/media?parent=7637"}],"wp:term":[{"taxonomy":"product_brand","embeddable":true,"href":"https:\/\/pelartlabbenelux.com\/fr\/wp-json\/wp\/v2\/product_brand?post=7637"},{"taxonomy":"product_cat","embeddable":true,"href":"https:\/\/pelartlabbenelux.com\/fr\/wp-json\/wp\/v2\/product_cat?post=7637"},{"taxonomy":"product_tag","embeddable":true,"href":"https:\/\/pelartlabbenelux.com\/fr\/wp-json\/wp\/v2\/product_tag?post=7637"}],"curies":[{"name":"wp","href":"https:\/\/api.w.org\/{rel}","templated":true}]}}