{"id":7634,"date":"2026-01-28T16:10:30","date_gmt":"2026-01-28T16:10:30","guid":{"rendered":"https:\/\/pelartlabbenelux.com\/product\/creme-senolytique-pour-les-yeux-ageless-line-30-ml\/"},"modified":"2026-02-03T23:40:41","modified_gmt":"2026-02-03T23:40:41","slug":"creme-senolytique-pour-les-yeux-ageless-line-30-ml","status":"publish","type":"product","link":"https:\/\/pelartlabbenelux.com\/fr\/produit\/creme-senolytique-pour-les-yeux-ageless-line-30-ml\/","title":{"rendered":"Cr\u00e8me s\u00e9nolytique pour les yeux, Ageless Line, 30 ml"},"content":{"rendered":"<p data-start=\"0\" data-end=\"247\">La <strong data-start=\"0\" data-end=\"23\">cr\u00e8me s\u00e9nolytique pour les yeux<\/strong> est con\u00e7ue pour un soin anti-\u00e2ge complet de la zone p\u00e9rioculaire d\u00e9licate. Sa formule combine une puissante action <strong data-start=\"129\" data-end=\"142\">s\u00e9nolytique<\/strong> et <strong data-start=\"147\" data-end=\"162\">antioxydante<\/strong> pour ralentir les processus de vieillissement et prot\u00e9ger la peau des dommages caus\u00e9s par les radicaux libres.<\/p>\n<p data-start=\"249\" data-end=\"601\">Le complexe actif, qui contient du <strong data-start=\"280\" data-end=\"339\">gallate d&rsquo;\u00e9pigallocat\u00e9chine, du resv\u00e9ratrol et de l&rsquo;acide f\u00e9rulique<\/strong>, cible s\u00e9lectivement les cellules s\u00e9nescentes, am\u00e9liorant ainsi l&rsquo;\u00e9tat g\u00e9n\u00e9ral de la peau et pr\u00e9servant son aspect jeune. L&rsquo;<strong data-start=\"450\" data-end=\"459\">escine<\/strong> et l&rsquo;<strong data-start=\"464\" data-end=\"493\">hesp\u00e9ridine m\u00e9thylchalcone<\/strong> am\u00e9liorent le tonus veineux et la microcirculation, contribuant \u00e0 r\u00e9duire les poches et l&rsquo;apparence des cernes.<\/p>\n<p data-start=\"603\" data-end=\"713\">La cr\u00e8me a une texture confortable, s&rsquo;\u00e9tale facilement et convient \u00e0 un usage quotidien, matin et soir.<\/p>\n<p data-start=\"715\" data-end=\"955\"><strong data-start=\"715\" data-end=\"731\">Effets cl\u00e9s :<\/strong><br data-start=\"731\" data-end=\"734\" \/>&#8211; ralentit les processus de vieillissement autour des yeux<br data-start=\"773\" data-end=\"776\" \/>&#8211; r\u00e9duit les poches et les cernes<br data-start=\"812\" data-end=\"815\" \/>&#8211; am\u00e9liore la microcirculation et le tonus veineux<br data-start=\"858\" data-end=\"861\" \/>&#8211; fournit une protection antioxydante puissante<br data-start=\"903\" data-end=\"906\" \/>&#8211; augmente la fermet\u00e9 et la douceur de la peau<\/p>\n<p data-start=\"957\" data-end=\"1119\" data-is-last-node=\"\" data-is-only-node=\"\"><strong data-start=\"957\" data-end=\"972\">Mode d&#8217;emploi :<\/strong><br data-start=\"972\" data-end=\"975\" \/>Appliquez sur la peau nettoy\u00e9e du contour des yeux deux fois par jour en effectuant de l\u00e9gers massages jusqu&rsquo;\u00e0 absorption compl\u00e8te. Utiliser dans le cadre de votre routine quotidienne de soins de la peau.<\/p>\n<p data-start=\"957\" data-end=\"1119\" data-is-last-node=\"\" data-is-only-node=\"\"><span data-sheets-root=\"1\"><strong>Ingr\u00e9dients :<\/strong><br \/>\nAqua (Eau), Cetearyl Olivate, Sorbitan Olivate, Coco-Caprylate, Cetearyl Alcohol, Caprylic\/Capric Triglyceride, Glycerin, Hydroxyethyl Acrylate\/Sodium Acrylamidopropyltrimonium Chloride Copolymer, Acacia Senegal Gum, Hydrolyzed Rhizobian Gum, Lecithin, Escin, Tetrahexyldecyl Ascorbate, Beta-Sitosterol, Epigallocatechin Gallate, Resveratrol, Phloretin, Hesperidin Methyl Chalcone, Ferulic Acid, Phenoxyethanol, Methylparaben, Propylparaben, Fragrance, Alpha-Isomethyl<br \/>\nIonone, Benzyl Salicylate, Citronellol, Linalool. <\/span><\/p>\n","protected":false},"excerpt":{"rendered":"<p>La cr\u00e8me s\u00e9nolytique pour les yeux est con\u00e7ue pour un soin anti-\u00e2ge complet de la zone p\u00e9rioculaire d\u00e9licate. Sa formule combine une puissante action s\u00e9nolytique et antioxydante pour ralentir les processus de vieillissement et prot\u00e9ger la peau des dommages caus\u00e9s par les radicaux libres. Le complexe actif, qui contient du gallate d&rsquo;\u00e9pigallocat\u00e9chine, du resv\u00e9ratrol et [&hellip;]<\/p>\n","protected":false},"featured_media":7635,"comment_status":"open","ping_status":"closed","template":"","meta":[],"product_brand":[90],"product_cat":[110],"product_tag":[],"class_list":{"0":"post-7634","1":"product","2":"type-product","3":"status-publish","4":"has-post-thumbnail","6":"product_brand-ageless-line","7":"product_cat-ligne-ageless-de-soins-cutanes-senolytiques","9":"first","10":"instock","11":"shipping-taxable","12":"purchasable","13":"product-type-simple"},"aioseo_notices":[],"_links":{"self":[{"href":"https:\/\/pelartlabbenelux.com\/fr\/wp-json\/wp\/v2\/product\/7634","targetHints":{"allow":["GET"]}}],"collection":[{"href":"https:\/\/pelartlabbenelux.com\/fr\/wp-json\/wp\/v2\/product"}],"about":[{"href":"https:\/\/pelartlabbenelux.com\/fr\/wp-json\/wp\/v2\/types\/product"}],"replies":[{"embeddable":true,"href":"https:\/\/pelartlabbenelux.com\/fr\/wp-json\/wp\/v2\/comments?post=7634"}],"version-history":[{"count":2,"href":"https:\/\/pelartlabbenelux.com\/fr\/wp-json\/wp\/v2\/product\/7634\/revisions"}],"predecessor-version":[{"id":7642,"href":"https:\/\/pelartlabbenelux.com\/fr\/wp-json\/wp\/v2\/product\/7634\/revisions\/7642"}],"wp:featuredmedia":[{"embeddable":true,"href":"https:\/\/pelartlabbenelux.com\/fr\/wp-json\/wp\/v2\/media\/7635"}],"wp:attachment":[{"href":"https:\/\/pelartlabbenelux.com\/fr\/wp-json\/wp\/v2\/media?parent=7634"}],"wp:term":[{"taxonomy":"product_brand","embeddable":true,"href":"https:\/\/pelartlabbenelux.com\/fr\/wp-json\/wp\/v2\/product_brand?post=7634"},{"taxonomy":"product_cat","embeddable":true,"href":"https:\/\/pelartlabbenelux.com\/fr\/wp-json\/wp\/v2\/product_cat?post=7634"},{"taxonomy":"product_tag","embeddable":true,"href":"https:\/\/pelartlabbenelux.com\/fr\/wp-json\/wp\/v2\/product_tag?post=7634"}],"curies":[{"name":"wp","href":"https:\/\/api.w.org\/{rel}","templated":true}]}}