{"id":7631,"date":"2026-01-28T16:10:30","date_gmt":"2026-01-28T16:10:30","guid":{"rendered":"https:\/\/pelartlabbenelux.com\/product\/creme-de-nuit-senolytique-pour-le-visage-ageless-line-50-ml\/"},"modified":"2026-02-03T23:40:58","modified_gmt":"2026-02-03T23:40:58","slug":"creme-de-nuit-senolytique-pour-le-visage-ageless-line-50-ml","status":"publish","type":"product","link":"https:\/\/pelartlabbenelux.com\/fr\/produit\/creme-de-nuit-senolytique-pour-le-visage-ageless-line-50-ml\/","title":{"rendered":"Cr\u00e8me de nuit s\u00e9nolytique pour le visage, Ageless Line, 50 ml"},"content":{"rendered":"<p data-start=\"0\" data-end=\"249\">La <strong data-start=\"0\" data-end=\"25\">cr\u00e8me de nuit s\u00e9nolytique<\/strong> est con\u00e7ue pour une restauration intensive de la peau pendant sa p\u00e9riode de r\u00e9g\u00e9n\u00e9ration maximale. Sa formule cible les signes visibles de l&rsquo;\u00e2ge et les effets du photovieillissement, en renfor\u00e7ant et en r\u00e9tablissant la barri\u00e8re \u00e9pidermique.<\/p>\n<p data-start=\"251\" data-end=\"609\">Le <strong data-start=\"255\" data-end=\"292\">complexe s\u00e9nolytique et antioxydant &#8211; comprenant du<\/strong> <strong data-start=\"303\" data-end=\"375\">gallate d&rsquo;\u00e9pigallocat\u00e9chine, du resv\u00e9ratrol, de l&rsquo;acide f\u00e9rulique et du tocotri\u00e9nol &#8211;<\/strong>agit <strong data-start=\"303\" data-end=\"375\">s\u00e9lectivement<\/strong>sur les cellules s\u00e9nescentes, ralentissant les processus de vieillissement chronologique et favorisant le renouvellement cellulaire. Le <strong data-start=\"481\" data-end=\"496\">niacinamide<\/strong> et la <strong data-start=\"501\" data-end=\"542\">vitamine C (ascorbate de t\u00e9trahexyld\u00e9cyle)<\/strong> am\u00e9liorent le teint, augmentent la fermet\u00e9 et contribuent \u00e0 unifier la texture de la peau.<\/p>\n<p data-start=\"611\" data-end=\"801\">Les <strong data-start=\"627\" data-end=\"642\">huiles d&rsquo;<\/strong> <strong data-start=\"611\" data-end=\"622\">avocat<\/strong> et de <strong data-start=\"627\" data-end=\"642\">jojoba<\/strong> nourrissent et adoucissent la peau, lui apportant confort et hydratation profonde tout au long de la nuit. Cette cr\u00e8me convient \u00e0 une utilisation r\u00e9guli\u00e8re le soir dans le cadre de programmes anti-\u00e2ge.<\/p>\n<p data-start=\"803\" data-end=\"1017\"><strong data-start=\"803\" data-end=\"819\">Effets cl\u00e9s :<\/strong><br data-start=\"819\" data-end=\"822\" \/>&#8211; ralentit le processus de vieillissement de la peau<br data-start=\"850\" data-end=\"853\" \/>&#8211; favorise la r\u00e9cup\u00e9ration apr\u00e8s une exposition aux UV<br data-start=\"889\" data-end=\"892\" \/>&#8211; am\u00e9liore la fermet\u00e9 et la tonicit\u00e9<br data-start=\"920\" data-end=\"923\" \/>&#8211; fournit une hydratation et une nutrition intenses<br data-start=\"969\" data-end=\"972\" \/>&#8211; renforce la barri\u00e8re protectrice de la peau<\/p>\n<p data-start=\"1019\" data-end=\"1198\" data-is-last-node=\"\" data-is-only-node=\"\"><strong data-start=\"1019\" data-end=\"1034\">Conseils d&rsquo;utilisation :<\/strong><br data-start=\"1034\" data-end=\"1037\" \/>Appliquer le soir sur le visage et le cou nettoy\u00e9s en effectuant de l\u00e9gers mouvements de massage jusqu&rsquo;\u00e0 absorption compl\u00e8te. Utilisez quotidiennement comme derni\u00e8re \u00e9tape de votre routine de soins de nuit.<\/p>\n<p data-start=\"1019\" data-end=\"1198\" data-is-last-node=\"\" data-is-only-node=\"\"><span data-sheets-root=\"1\"><strong>Ingr\u00e9dients :<\/strong><br \/>\nAqua (eau), huile d&rsquo;avocat, huile de graines de jojoba, st\u00e9arate de glyc\u00e9ryle, octyldod\u00e9canol, niacinamide, ceteareth-20, alcool c\u00e9t\u00e9arylique, olivate c\u00e9t\u00e9arylique, glyc\u00e9rine, butyl\u00e8ne glycol, l\u00e9cithine, olivate de sorbitan, acide f\u00e9rulique, sulfosuccinate c\u00e9t\u00e9arylique disodique, cyclopentasiloxane, polyacrylate de sodium, palmitate de c\u00e9tyle, Hydroxypropyl Hydrolyzed Soy Protein, Tetrahexyldecyl Ascorbate, Epigallocatechin Gallate, Phloretin, Resveratrol, Tocotrienol, Hesperidin Methyl Chalcone, Hydroxyethyl Cellulose, Lactic Acid, Ferulic Acid, Caffeine, Phenoxyethanol, Methylparaben, Propylparaben, Fragrance, Alpha-Isomethyl Ionone, Benzyl Salicylate, Citronellol, Linalool. <\/span><\/p>\n","protected":false},"excerpt":{"rendered":"<p>La cr\u00e8me de nuit s\u00e9nolytique est con\u00e7ue pour une restauration intensive de la peau pendant sa p\u00e9riode de r\u00e9g\u00e9n\u00e9ration maximale. Sa formule cible les signes visibles de l&rsquo;\u00e2ge et les effets du photovieillissement, en renfor\u00e7ant et en r\u00e9tablissant la barri\u00e8re \u00e9pidermique. Le complexe s\u00e9nolytique et antioxydant &#8211; comprenant du gallate d&rsquo;\u00e9pigallocat\u00e9chine, du resv\u00e9ratrol, de l&rsquo;acide [&hellip;]<\/p>\n","protected":false},"featured_media":7632,"comment_status":"open","ping_status":"closed","template":"","meta":[],"product_brand":[90],"product_cat":[110],"product_tag":[],"class_list":{"0":"post-7631","1":"product","2":"type-product","3":"status-publish","4":"has-post-thumbnail","6":"product_brand-ageless-line","7":"product_cat-ligne-ageless-de-soins-cutanes-senolytiques","9":"first","10":"instock","11":"shipping-taxable","12":"purchasable","13":"product-type-simple"},"aioseo_notices":[],"_links":{"self":[{"href":"https:\/\/pelartlabbenelux.com\/fr\/wp-json\/wp\/v2\/product\/7631","targetHints":{"allow":["GET"]}}],"collection":[{"href":"https:\/\/pelartlabbenelux.com\/fr\/wp-json\/wp\/v2\/product"}],"about":[{"href":"https:\/\/pelartlabbenelux.com\/fr\/wp-json\/wp\/v2\/types\/product"}],"replies":[{"embeddable":true,"href":"https:\/\/pelartlabbenelux.com\/fr\/wp-json\/wp\/v2\/comments?post=7631"}],"version-history":[{"count":2,"href":"https:\/\/pelartlabbenelux.com\/fr\/wp-json\/wp\/v2\/product\/7631\/revisions"}],"predecessor-version":[{"id":7643,"href":"https:\/\/pelartlabbenelux.com\/fr\/wp-json\/wp\/v2\/product\/7631\/revisions\/7643"}],"wp:featuredmedia":[{"embeddable":true,"href":"https:\/\/pelartlabbenelux.com\/fr\/wp-json\/wp\/v2\/media\/7632"}],"wp:attachment":[{"href":"https:\/\/pelartlabbenelux.com\/fr\/wp-json\/wp\/v2\/media?parent=7631"}],"wp:term":[{"taxonomy":"product_brand","embeddable":true,"href":"https:\/\/pelartlabbenelux.com\/fr\/wp-json\/wp\/v2\/product_brand?post=7631"},{"taxonomy":"product_cat","embeddable":true,"href":"https:\/\/pelartlabbenelux.com\/fr\/wp-json\/wp\/v2\/product_cat?post=7631"},{"taxonomy":"product_tag","embeddable":true,"href":"https:\/\/pelartlabbenelux.com\/fr\/wp-json\/wp\/v2\/product_tag?post=7631"}],"curies":[{"name":"wp","href":"https:\/\/api.w.org\/{rel}","templated":true}]}}