{"id":7628,"date":"2026-01-28T16:10:30","date_gmt":"2026-01-28T16:10:30","guid":{"rendered":"https:\/\/pelartlabbenelux.com\/product\/masque-senolytique-pour-le-visage-le-cou-et-le-decollete-ageless-line-50-ml\/"},"modified":"2026-02-03T23:41:35","modified_gmt":"2026-02-03T23:41:35","slug":"masque-senolytique-pour-le-visage-le-cou-et-le-decollete-ageless-line-50-ml","status":"publish","type":"product","link":"https:\/\/pelartlabbenelux.com\/fr\/produit\/masque-senolytique-pour-le-visage-le-cou-et-le-decollete-ageless-line-50-ml\/","title":{"rendered":"Masque s\u00e9nolytique pour le visage, le cou et le d\u00e9collet\u00e9, Ageless Line, 50 ml"},"content":{"rendered":"<p data-start=\"0\" data-end=\"282\"><strong data-start=\"0\" data-end=\"18\">Senolytic Mask<\/strong> est con\u00e7u pour une correction cibl\u00e9e du vieillissement cutan\u00e9 et une restauration structurelle intensive. La formule contient un <strong data-start=\"131\" data-end=\"163\">complexe s\u00e9nolytique innovant<\/strong> qui cible s\u00e9lectivement les cellules s\u00e9nescentes responsables du vieillissement chronologique, favorisant ainsi le renouvellement et le rajeunissement de la peau.<\/p>\n<p data-start=\"284\" data-end=\"643\">La combinaison de <strong data-start=\"303\" data-end=\"361\">resv\u00e9ratrol, de phlor\u00e9tine et d&rsquo;hesp\u00e9ridine m\u00e9thyl chalcone<\/strong> offre une puissante protection antioxydante, r\u00e9duit le stress oxydatif et renforce les parois vasculaires. Le <strong data-start=\"462\" data-end=\"485\">tripeptide-1 de cuivre<\/strong> stimule la synth\u00e8se du collag\u00e8ne et des glycosaminoglycanes, acc\u00e9l\u00e8re la r\u00e9g\u00e9n\u00e9ration des tissus, am\u00e9liore la microcirculation et soutient les m\u00e9canismes immunitaires de la peau.<\/p>\n<p data-start=\"645\" data-end=\"828\">Le masque am\u00e9liore la tonicit\u00e9 et la densit\u00e9 de la peau, accro\u00eet sa fermet\u00e9 et facilite la r\u00e9cup\u00e9ration apr\u00e8s le stress et les dommages caus\u00e9s par les photos. Il est recommand\u00e9 dans le cadre des programmes anti-\u00e2ge et des routines d&rsquo;entretien.<\/p>\n<p data-start=\"830\" data-end=\"1072\"><strong data-start=\"830\" data-end=\"846\">Principaux effets :<\/strong><br data-start=\"846\" data-end=\"849\" \/>&#8211; action s\u00e9nolytique et ralentissement du vieillissement cutan\u00e9<br data-start=\"893\" data-end=\"896\" \/>&#8211; stimulation de la r\u00e9g\u00e9n\u00e9ration et du renouvellement de la peau<br data-start=\"942\" data-end=\"945\" \/>&#8211; augmentation de la fermet\u00e9 et de la densit\u00e9<br data-start=\"977\" data-end=\"980\" \/>&#8211; protection antioxydante et anti-inflammatoire<br data-start=\"1026\" data-end=\"1029\" \/>&#8211; am\u00e9lioration de la microcirculation et de la tonicit\u00e9 de la peau<\/p>\n<p data-start=\"1074\" data-end=\"1222\" data-is-last-node=\"\" data-is-only-node=\"\"><strong data-start=\"1074\" data-end=\"1089\">Conseils d&rsquo;utilisation :<\/strong><br data-start=\"1089\" data-end=\"1092\" \/>Appliquez une couche uniforme sur le visage, le cou et le d\u00e9collet\u00e9 pr\u00e9alablement nettoy\u00e9s. Laissez agir pendant 15 minutes, puis rincez \u00e0 l&rsquo;eau. Utiliser 2 fois par semaine.<\/p>\n<p data-start=\"1074\" data-end=\"1222\" data-is-last-node=\"\" data-is-only-node=\"\"><span data-sheets-root=\"1\"><strong>Ingr\u00e9dients :<\/strong><br \/>\nAqua (Eau), Glyc\u00e9rine, Huile d&rsquo;amande douce, Octyldodecanol, Cyclopentasiloxane, Polyacrylate de sodium, Tripeptide-1 de cuivre, Hesperidin Methyl Chalcone, Resveratrol, Phloretin, Polyacrylate 13, Polyisobutene, Polysorbate 20, Phenoxyethanol, Methylparaben, Propylparaben, Fragrance, Alpha-Isomethyl Ionone, Benzyl Salicylate, Citronellol, Linalool. <\/span><\/p>\n","protected":false},"excerpt":{"rendered":"<p>Senolytic Mask est con\u00e7u pour une correction cibl\u00e9e du vieillissement cutan\u00e9 et une restauration structurelle intensive. La formule contient un complexe s\u00e9nolytique innovant qui cible s\u00e9lectivement les cellules s\u00e9nescentes responsables du vieillissement chronologique, favorisant ainsi le renouvellement et le rajeunissement de la peau. La combinaison de resv\u00e9ratrol, de phlor\u00e9tine et d&rsquo;hesp\u00e9ridine m\u00e9thyl chalcone offre une [&hellip;]<\/p>\n","protected":false},"featured_media":7629,"comment_status":"open","ping_status":"closed","template":"","meta":[],"product_brand":[90],"product_cat":[110],"product_tag":[],"class_list":{"0":"post-7628","1":"product","2":"type-product","3":"status-publish","4":"has-post-thumbnail","6":"product_brand-ageless-line","7":"product_cat-ligne-ageless-de-soins-cutanes-senolytiques","9":"first","10":"instock","11":"shipping-taxable","12":"purchasable","13":"product-type-simple"},"aioseo_notices":[],"_links":{"self":[{"href":"https:\/\/pelartlabbenelux.com\/fr\/wp-json\/wp\/v2\/product\/7628","targetHints":{"allow":["GET"]}}],"collection":[{"href":"https:\/\/pelartlabbenelux.com\/fr\/wp-json\/wp\/v2\/product"}],"about":[{"href":"https:\/\/pelartlabbenelux.com\/fr\/wp-json\/wp\/v2\/types\/product"}],"replies":[{"embeddable":true,"href":"https:\/\/pelartlabbenelux.com\/fr\/wp-json\/wp\/v2\/comments?post=7628"}],"version-history":[{"count":2,"href":"https:\/\/pelartlabbenelux.com\/fr\/wp-json\/wp\/v2\/product\/7628\/revisions"}],"predecessor-version":[{"id":7644,"href":"https:\/\/pelartlabbenelux.com\/fr\/wp-json\/wp\/v2\/product\/7628\/revisions\/7644"}],"wp:featuredmedia":[{"embeddable":true,"href":"https:\/\/pelartlabbenelux.com\/fr\/wp-json\/wp\/v2\/media\/7629"}],"wp:attachment":[{"href":"https:\/\/pelartlabbenelux.com\/fr\/wp-json\/wp\/v2\/media?parent=7628"}],"wp:term":[{"taxonomy":"product_brand","embeddable":true,"href":"https:\/\/pelartlabbenelux.com\/fr\/wp-json\/wp\/v2\/product_brand?post=7628"},{"taxonomy":"product_cat","embeddable":true,"href":"https:\/\/pelartlabbenelux.com\/fr\/wp-json\/wp\/v2\/product_cat?post=7628"},{"taxonomy":"product_tag","embeddable":true,"href":"https:\/\/pelartlabbenelux.com\/fr\/wp-json\/wp\/v2\/product_tag?post=7628"}],"curies":[{"name":"wp","href":"https:\/\/api.w.org\/{rel}","templated":true}]}}