{"id":7625,"date":"2026-01-28T16:10:30","date_gmt":"2026-01-28T16:10:30","guid":{"rendered":"https:\/\/pelartlabbenelux.com\/product\/senolytic-face-serum-ageless-line-30-ml\/"},"modified":"2026-02-03T23:42:08","modified_gmt":"2026-02-03T23:42:08","slug":"senolytic-face-serum-ageless-line-30-ml","status":"publish","type":"product","link":"https:\/\/pelartlabbenelux.com\/fr\/produit\/senolytic-face-serum-ageless-line-30-ml\/","title":{"rendered":"S\u00e9rum visage s\u00e9nolytique, Ageless Line, 30 ml"},"content":{"rendered":"<p data-start=\"0\" data-end=\"300\"><strong data-start=\"0\" data-end=\"19\">S\u00e9rum s\u00e9nolytique<\/strong> \u00e0 l&rsquo;action anti-\u00e2ge prononc\u00e9e, d\u00e9velopp\u00e9 pour renforcer l&rsquo;efficacit\u00e9 de la cr\u00e8me et fournir un ralentissement complet des processus de vieillissement de la peau. La formule vise \u00e0 stimuler la r\u00e9g\u00e9n\u00e9ration et le renouvellement des structures cutan\u00e9es, \u00e0 augmenter la densit\u00e9 des tissus et \u00e0 am\u00e9liorer la tonicit\u00e9 g\u00e9n\u00e9rale de la peau.<\/p>\n<p data-start=\"302\" data-end=\"595\">Les composants actifs renforcent la paroi vasculaire, aident \u00e0 r\u00e9duire les poches et procurent un effet lifting visible. Le <strong data-start=\"411\" data-end=\"426\">niacinamide<\/strong>, le <strong data-start=\"428\" data-end=\"449\">tripeptide de cuivre<\/strong> et les extraits botaniques soutiennent les processus m\u00e9taboliques de la peau, am\u00e9liorent la microcirculation et augmentent la r\u00e9sistance de la peau aux facteurs de stress environnementaux.<\/p>\n<p data-start=\"597\" data-end=\"749\">Recommand\u00e9 comme \u00e9tape active dans les <strong data-start=\"630\" data-end=\"656\">programmes de soins anti-\u00e2ge<\/strong>, ainsi que pour les peaux pr\u00e9sentant des signes de fatigue, une perte de fermet\u00e9 et une tendance au gonflement.<\/p>\n<p data-start=\"751\" data-end=\"972\"><strong data-start=\"751\" data-end=\"767\">Principaux effets :<\/strong><br data-start=\"767\" data-end=\"770\" \/>&#8211; ralentissement des processus de vieillissement de la peau<br data-start=\"803\" data-end=\"806\" \/>&#8211; effet liftant et am\u00e9lioration de la fermet\u00e9<br data-start=\"844\" data-end=\"847\" \/>&#8211; r\u00e9duction des poches<br data-start=\"871\" data-end=\"874\" \/>&#8211; renforcement des vaisseaux sanguins et am\u00e9lioration de la microcirculation<br data-start=\"936\" data-end=\"939\" \/>&#8211; am\u00e9lioration de la performance de la cr\u00e8me<\/p>\n<p data-start=\"974\" data-end=\"1140\" data-is-last-node=\"\" data-is-only-node=\"\"><strong data-start=\"974\" data-end=\"989\">Mode d&#8217;emploi :<\/strong><br data-start=\"989\" data-end=\"992\" \/>Appliquez quelques gouttes de s\u00e9rum sur la peau nettoy\u00e9e du visage et r\u00e9partissez-les uniform\u00e9ment. Apr\u00e8s absorption, appliquez une cr\u00e8me. Utilisez quotidiennement, le matin et\/ou le soir.<\/p>\n<p data-start=\"974\" data-end=\"1140\" data-is-last-node=\"\" data-is-only-node=\"\"><span data-sheets-root=\"1\"><strong>Ingr\u00e9dients :<\/strong><br \/>\nAqua (Eau), Decaprylyl Carbonate, Niacinamide, Extrait de levure, Extrait de graines de marron d&rsquo;Inde, Glyc\u00e9rine, Glyc\u00e9rol Glucoside, Amidon de riz, Ammonium Glycyrrhizate, Panth\u00e9nol, Propyl\u00e8ne Glycol, Gluconate de Zinc, Gomme Xanthane, Caf\u00e9ine, Biotine, Ph\u00e9noxy\u00e9thanol, Lut\u00e9oline, Tr\u00e9halose, M\u00e9thylparaben, Propylparaben, Extrait de Peau de Mandarine, Tripeptide-1 de Cuivre, Acide Lactique, Parfum, Alpha-Isomethyl Ionone, Benzyl Salicylate, Citronellol, Linalool.<\/span><\/p>\n","protected":false},"excerpt":{"rendered":"<p>S\u00e9rum s\u00e9nolytique \u00e0 l&rsquo;action anti-\u00e2ge prononc\u00e9e, d\u00e9velopp\u00e9 pour renforcer l&rsquo;efficacit\u00e9 de la cr\u00e8me et fournir un ralentissement complet des processus de vieillissement de la peau. La formule vise \u00e0 stimuler la r\u00e9g\u00e9n\u00e9ration et le renouvellement des structures cutan\u00e9es, \u00e0 augmenter la densit\u00e9 des tissus et \u00e0 am\u00e9liorer la tonicit\u00e9 g\u00e9n\u00e9rale de la peau. Les composants [&hellip;]<\/p>\n","protected":false},"featured_media":7626,"comment_status":"open","ping_status":"closed","template":"","meta":[],"product_brand":[90],"product_cat":[110],"product_tag":[],"class_list":{"0":"post-7625","1":"product","2":"type-product","3":"status-publish","4":"has-post-thumbnail","6":"product_brand-ageless-line","7":"product_cat-ligne-ageless-de-soins-cutanes-senolytiques","9":"first","10":"instock","11":"shipping-taxable","12":"purchasable","13":"product-type-simple"},"aioseo_notices":[],"_links":{"self":[{"href":"https:\/\/pelartlabbenelux.com\/fr\/wp-json\/wp\/v2\/product\/7625","targetHints":{"allow":["GET"]}}],"collection":[{"href":"https:\/\/pelartlabbenelux.com\/fr\/wp-json\/wp\/v2\/product"}],"about":[{"href":"https:\/\/pelartlabbenelux.com\/fr\/wp-json\/wp\/v2\/types\/product"}],"replies":[{"embeddable":true,"href":"https:\/\/pelartlabbenelux.com\/fr\/wp-json\/wp\/v2\/comments?post=7625"}],"version-history":[{"count":2,"href":"https:\/\/pelartlabbenelux.com\/fr\/wp-json\/wp\/v2\/product\/7625\/revisions"}],"predecessor-version":[{"id":7645,"href":"https:\/\/pelartlabbenelux.com\/fr\/wp-json\/wp\/v2\/product\/7625\/revisions\/7645"}],"wp:featuredmedia":[{"embeddable":true,"href":"https:\/\/pelartlabbenelux.com\/fr\/wp-json\/wp\/v2\/media\/7626"}],"wp:attachment":[{"href":"https:\/\/pelartlabbenelux.com\/fr\/wp-json\/wp\/v2\/media?parent=7625"}],"wp:term":[{"taxonomy":"product_brand","embeddable":true,"href":"https:\/\/pelartlabbenelux.com\/fr\/wp-json\/wp\/v2\/product_brand?post=7625"},{"taxonomy":"product_cat","embeddable":true,"href":"https:\/\/pelartlabbenelux.com\/fr\/wp-json\/wp\/v2\/product_cat?post=7625"},{"taxonomy":"product_tag","embeddable":true,"href":"https:\/\/pelartlabbenelux.com\/fr\/wp-json\/wp\/v2\/product_tag?post=7625"}],"curies":[{"name":"wp","href":"https:\/\/api.w.org\/{rel}","templated":true}]}}