{"id":7623,"date":"2026-01-28T16:10:30","date_gmt":"2026-01-28T16:10:30","guid":{"rendered":"https:\/\/pelartlabbenelux.com\/product\/lotion-tonique-senolytique-pour-le-visage-ligne-ageless-180-ml\/"},"modified":"2026-02-03T23:42:18","modified_gmt":"2026-02-03T23:42:18","slug":"lotion-tonique-senolytique-pour-le-visage-ligne-ageless-180-ml","status":"publish","type":"product","link":"https:\/\/pelartlabbenelux.com\/fr\/produit\/lotion-tonique-senolytique-pour-le-visage-ligne-ageless-180-ml\/","title":{"rendered":"Lotion tonique s\u00e9nolytique pour le visage, Ageless Line, 180 ml"},"content":{"rendered":"<p data-start=\"0\" data-end=\"318\"><strong data-start=\"0\" data-end=\"19\">Tonique s\u00e9nolytique<\/strong> \u00e0 action r\u00e9paratrice et protectrice, con\u00e7u pour compl\u00e9ter l&rsquo;\u00e9tape de nettoyage et pr\u00e9parer la peau aux soins ult\u00e9rieurs. Il \u00e9limine efficacement les impuret\u00e9s r\u00e9siduelles, normalise le pH de la peau et r\u00e9duit la gravit\u00e9 des r\u00e9actions cutan\u00e9es aigu\u00ebs caus\u00e9es par l&rsquo;exposition aux ultraviolets et les facteurs de stress externes.<\/p>\n<p data-start=\"320\" data-end=\"687\">La formule active favorise la restauration de la barri\u00e8re \u00e9pidermique, acc\u00e9l\u00e8re la gu\u00e9rison des micro et macro-dommages et ralentit les processus de vieillissement pr\u00e9matur\u00e9 de la peau. Un complexe d&rsquo;antioxydants, de <strong data-start=\"508\" data-end=\"529\">tripeptides de cuivre<\/strong> et de composants apaisants renforce la peau, accro\u00eet sa r\u00e9sistance aux influences agressives de l&rsquo;environnement et am\u00e9liore l&rsquo;\u00e9tat g\u00e9n\u00e9ral et le teint de la peau.<\/p>\n<p data-start=\"689\" data-end=\"834\">Recommand\u00e9 pour une utilisation quotidienne dans le cadre de <strong data-start=\"718\" data-end=\"739\">programmes anti-\u00e2ge<\/strong>, ainsi que pour les peaux pr\u00e9sentant des signes de photovieillissement, de sensibilit\u00e9 et de capacit\u00e9 de r\u00e9g\u00e9n\u00e9ration r\u00e9duite.<\/p>\n<p data-start=\"836\" data-end=\"1090\"><strong data-start=\"836\" data-end=\"852\">Effets cl\u00e9s :<\/strong><br data-start=\"852\" data-end=\"855\" \/>&#8211; ach\u00e8vement du nettoyage et normalisation du pH<br data-start=\"901\" data-end=\"904\" \/>&#8211; restauration de la barri\u00e8re \u00e9pidermique<br data-start=\"942\" data-end=\"945\" \/>&#8211; r\u00e9duction de la r\u00e9activit\u00e9 de la peau apr\u00e8s une exposition aux UV<br data-start=\"988\" data-end=\"991\" \/>&#8211; acc\u00e9l\u00e9ration des processus de r\u00e9g\u00e9n\u00e9ration<br data-start=\"1027\" data-end=\"1030\" \/>&#8211; protection antioxydante et pr\u00e9vention du vieillissement pr\u00e9matur\u00e9<\/p>\n<p data-start=\"1092\" data-end=\"1291\" data-is-last-node=\"\" data-is-only-node=\"\"><strong data-start=\"1092\" data-end=\"1107\">Mode d&#8217;emploi :<\/strong><br data-start=\"1107\" data-end=\"1110\" \/>Imbibez un coton de tonique et passez-le d\u00e9licatement sur la peau du visage, du cou et du d\u00e9collet\u00e9 en suivant les lignes de massage. Utilisez deux fois par jour avant d&rsquo;appliquer un s\u00e9rum ou une cr\u00e8me. Convient \u00e0 un usage quotidien.<\/p>\n<p data-start=\"1092\" data-end=\"1291\" data-is-last-node=\"\" data-is-only-node=\"\"><span data-sheets-root=\"1\"><strong>Ingr\u00e9dients :<\/strong><br \/>\nAqua (Eau), Propyl Heptyl Caprylate, Isopentyldiol, Panthenol, Bisabolol, Sunflower Seed Oil, Tocopherol, Copper Tripeptide-1, Hesperidin Methyl Chalcone, Phospholipids, Soy Oil Glycine, Glycolipides, Glycine de st\u00e9rol de soja, Gallate d&rsquo;\u00e9pigallocat\u00e9chine, Ph\u00e9noxy\u00e9thanol, Methylparaben, Propylparaben, Parfum, Alpha-Isomethyl Ionone, Benzyl Salicylate, Citronellol, Linalool. <\/span><\/p>\n","protected":false},"excerpt":{"rendered":"<p>Tonique s\u00e9nolytique \u00e0 action r\u00e9paratrice et protectrice, con\u00e7u pour compl\u00e9ter l&rsquo;\u00e9tape de nettoyage et pr\u00e9parer la peau aux soins ult\u00e9rieurs. Il \u00e9limine efficacement les impuret\u00e9s r\u00e9siduelles, normalise le pH de la peau et r\u00e9duit la gravit\u00e9 des r\u00e9actions cutan\u00e9es aigu\u00ebs caus\u00e9es par l&rsquo;exposition aux ultraviolets et les facteurs de stress externes. La formule active favorise [&hellip;]<\/p>\n","protected":false},"featured_media":7622,"comment_status":"open","ping_status":"closed","template":"","meta":[],"product_brand":[90],"product_cat":[110],"product_tag":[],"class_list":{"0":"post-7623","1":"product","2":"type-product","3":"status-publish","4":"has-post-thumbnail","6":"product_brand-ageless-line","7":"product_cat-ligne-ageless-de-soins-cutanes-senolytiques","9":"first","10":"instock","11":"shipping-taxable","12":"purchasable","13":"product-type-simple"},"aioseo_notices":[],"_links":{"self":[{"href":"https:\/\/pelartlabbenelux.com\/fr\/wp-json\/wp\/v2\/product\/7623","targetHints":{"allow":["GET"]}}],"collection":[{"href":"https:\/\/pelartlabbenelux.com\/fr\/wp-json\/wp\/v2\/product"}],"about":[{"href":"https:\/\/pelartlabbenelux.com\/fr\/wp-json\/wp\/v2\/types\/product"}],"replies":[{"embeddable":true,"href":"https:\/\/pelartlabbenelux.com\/fr\/wp-json\/wp\/v2\/comments?post=7623"}],"version-history":[{"count":2,"href":"https:\/\/pelartlabbenelux.com\/fr\/wp-json\/wp\/v2\/product\/7623\/revisions"}],"predecessor-version":[{"id":7646,"href":"https:\/\/pelartlabbenelux.com\/fr\/wp-json\/wp\/v2\/product\/7623\/revisions\/7646"}],"wp:featuredmedia":[{"embeddable":true,"href":"https:\/\/pelartlabbenelux.com\/fr\/wp-json\/wp\/v2\/media\/7622"}],"wp:attachment":[{"href":"https:\/\/pelartlabbenelux.com\/fr\/wp-json\/wp\/v2\/media?parent=7623"}],"wp:term":[{"taxonomy":"product_brand","embeddable":true,"href":"https:\/\/pelartlabbenelux.com\/fr\/wp-json\/wp\/v2\/product_brand?post=7623"},{"taxonomy":"product_cat","embeddable":true,"href":"https:\/\/pelartlabbenelux.com\/fr\/wp-json\/wp\/v2\/product_cat?post=7623"},{"taxonomy":"product_tag","embeddable":true,"href":"https:\/\/pelartlabbenelux.com\/fr\/wp-json\/wp\/v2\/product_tag?post=7623"}],"curies":[{"name":"wp","href":"https:\/\/api.w.org\/{rel}","templated":true}]}}