{"id":7618,"date":"2026-01-28T16:10:30","date_gmt":"2026-01-28T16:10:30","guid":{"rendered":"https:\/\/pelartlabbenelux.com\/product\/gel-nettoyant-senolytique-pour-la-peau-ligne-ageless-180-ml\/"},"modified":"2026-02-03T23:42:28","modified_gmt":"2026-02-03T23:42:28","slug":"gel-nettoyant-senolytique-pour-la-peau-ligne-ageless-180-ml","status":"publish","type":"product","link":"https:\/\/pelartlabbenelux.com\/fr\/produit\/gel-nettoyant-senolytique-pour-la-peau-ligne-ageless-180-ml\/","title":{"rendered":"Gel nettoyant s\u00e9nolytique pour la peau, Ageless Line, 180 ml"},"content":{"rendered":"<p data-start=\"0\" data-end=\"379\">Gel nettoyant s\u00e9nolytique \u00e0 l&rsquo;action douce et physiologique, d\u00e9velopp\u00e9 pour le nettoyage quotidien de tous les types de peau. \u00c9limine efficacement les impuret\u00e9s, l&rsquo;exc\u00e8s de s\u00e9bum, les d\u00e9chets m\u00e9taboliques et les cellules \u00e9pidermiques mortes sans perturber l&rsquo;\u00e9quilibre hydrolipidique de la peau ni provoquer d&rsquo;irritation. Convient pour le d\u00e9maquillage et comme premi\u00e8re \u00e9tape des routines de soins professionnels et \u00e0 domicile.<\/p>\n<p data-start=\"381\" data-end=\"711\">La formule \u00e0 base de phlor\u00e9tine et d&rsquo;hesp\u00e9ridine m\u00e9thyl chalcone offre des effets antioxydants et protecteurs prononc\u00e9s, contribuant \u00e0 maintenir une peau saine et \u00e0 r\u00e9duire l&rsquo;impact n\u00e9gatif des facteurs de stress externes. Le panth\u00e9nol et les composants hydratants adoucissent la peau, favorisent son confort et la pr\u00e9parent aux \u00e9tapes suivantes du soin.<\/p>\n<p data-start=\"713\" data-end=\"836\">Recommand\u00e9 comme produit nettoyant de base dans les programmes anti-\u00e2ge et pour les peaux pr\u00e9sentant des signes de stress et de vieillissement pr\u00e9matur\u00e9.<\/p>\n<p data-start=\"838\" data-end=\"1055\">Effets cl\u00e9s :<br data-start=\"854\" data-end=\"857\" \/>\u2022 nettoyage doux mais en profondeur de la peau<br data-start=\"889\" data-end=\"892\" \/>\u2022 \u00e9limination efficace du maquillage et des impuret\u00e9s<br data-start=\"936\" data-end=\"939\" \/>\u2022 exfoliation douce des cellules mortes<br data-start=\"976\" data-end=\"979\" \/>\u2022 protection antioxydante de la peau<br data-start=\"1008\" data-end=\"1011\" \/>\u2022 pr\u00e9paration de la peau pour les soins ult\u00e9rieurs<\/p>\n<p data-start=\"1057\" data-end=\"1283\" data-is-last-node=\"\" data-is-only-node=\"\">Mode d&#8217;emploi :<br data-start=\"1072\" data-end=\"1075\" \/>Faites mousser une petite quantit\u00e9 de gel dans vos mains mouill\u00e9es, appliquez sur la peau humide du visage en massant d\u00e9licatement, puis rincez abondamment \u00e0 l&rsquo;eau. Apr\u00e8s le nettoyage, il est recommand\u00e9 d&rsquo;utiliser un tonique. Convient \u00e0 un usage quotidien.<\/p>\n<p data-start=\"1057\" data-end=\"1283\" data-is-last-node=\"\" data-is-only-node=\"\"><span data-sheets-root=\"1\">Ingr\u00e9dients :<br \/>\nAqua (eau), cocamidopropyl b\u00e9ta\u00efne, sodium cocoyl sulfate, cocoglucoside, glyc\u00e9rine, glyc\u00e9rol glucoside, phlor\u00e9tine, hesp\u00e9ridine m\u00e9thyl chalcone, panth\u00e9nol, ph\u00e9noxy\u00e9thanol, m\u00e9thylparab\u00e8ne, propylparab\u00e8ne, acide lactique, parfum, salicylate de benzyle. <\/span><\/p>\n","protected":false},"excerpt":{"rendered":"<p>Gel nettoyant s\u00e9nolytique \u00e0 l&rsquo;action douce et physiologique, d\u00e9velopp\u00e9 pour le nettoyage quotidien de tous les types de peau. \u00c9limine efficacement les impuret\u00e9s, l&rsquo;exc\u00e8s de s\u00e9bum, les d\u00e9chets m\u00e9taboliques et les cellules \u00e9pidermiques mortes sans perturber l&rsquo;\u00e9quilibre hydrolipidique de la peau ni provoquer d&rsquo;irritation. Convient pour le d\u00e9maquillage et comme premi\u00e8re \u00e9tape des routines de [&hellip;]<\/p>\n","protected":false},"featured_media":7615,"comment_status":"open","ping_status":"closed","template":"","meta":[],"product_brand":[90],"product_cat":[110],"product_tag":[],"class_list":{"0":"post-7618","1":"product","2":"type-product","3":"status-publish","4":"has-post-thumbnail","6":"product_brand-ageless-line","7":"product_cat-ligne-ageless-de-soins-cutanes-senolytiques","9":"first","10":"instock","11":"shipping-taxable","12":"purchasable","13":"product-type-simple"},"aioseo_notices":[],"_links":{"self":[{"href":"https:\/\/pelartlabbenelux.com\/fr\/wp-json\/wp\/v2\/product\/7618","targetHints":{"allow":["GET"]}}],"collection":[{"href":"https:\/\/pelartlabbenelux.com\/fr\/wp-json\/wp\/v2\/product"}],"about":[{"href":"https:\/\/pelartlabbenelux.com\/fr\/wp-json\/wp\/v2\/types\/product"}],"replies":[{"embeddable":true,"href":"https:\/\/pelartlabbenelux.com\/fr\/wp-json\/wp\/v2\/comments?post=7618"}],"version-history":[{"count":2,"href":"https:\/\/pelartlabbenelux.com\/fr\/wp-json\/wp\/v2\/product\/7618\/revisions"}],"predecessor-version":[{"id":7647,"href":"https:\/\/pelartlabbenelux.com\/fr\/wp-json\/wp\/v2\/product\/7618\/revisions\/7647"}],"wp:featuredmedia":[{"embeddable":true,"href":"https:\/\/pelartlabbenelux.com\/fr\/wp-json\/wp\/v2\/media\/7615"}],"wp:attachment":[{"href":"https:\/\/pelartlabbenelux.com\/fr\/wp-json\/wp\/v2\/media?parent=7618"}],"wp:term":[{"taxonomy":"product_brand","embeddable":true,"href":"https:\/\/pelartlabbenelux.com\/fr\/wp-json\/wp\/v2\/product_brand?post=7618"},{"taxonomy":"product_cat","embeddable":true,"href":"https:\/\/pelartlabbenelux.com\/fr\/wp-json\/wp\/v2\/product_cat?post=7618"},{"taxonomy":"product_tag","embeddable":true,"href":"https:\/\/pelartlabbenelux.com\/fr\/wp-json\/wp\/v2\/product_tag?post=7618"}],"curies":[{"name":"wp","href":"https:\/\/api.w.org\/{rel}","templated":true}]}}