{"id":7325,"date":"2025-03-20T05:23:01","date_gmt":"2025-03-20T05:23:01","guid":{"rendered":"https:\/\/pelartlabbenelux.com\/contact\/"},"modified":"2026-02-10T21:25:50","modified_gmt":"2026-02-10T21:25:50","slug":"contact","status":"publish","type":"page","link":"https:\/\/pelartlabbenelux.com\/fr\/contact\/","title":{"rendered":"Contact"},"content":{"rendered":"\t\t<div data-elementor-type=\"wp-page\" data-elementor-id=\"7325\" class=\"elementor elementor-7325 elementor-22\">\n\t\t\t\t<div class=\"elementor-element elementor-element-63eedca e-flex e-con-boxed rt-parallax-bg-no e-con e-parent\" data-id=\"63eedca\" data-element_type=\"container\">\n\t\t\t\t\t<div class=\"e-con-inner\">\n\t\t<div class=\"elementor-element elementor-element-61be5da e-con-full e-flex rt-parallax-bg-no e-con e-child\" data-id=\"61be5da\" data-element_type=\"container\">\n\t\t\t\t<div class=\"elementor-element elementor-element-887e87c elementor-invisible elementor-widget elementor-widget-rt-title\" data-id=\"887e87c\" data-element_type=\"widget\" data-widget_type=\"rt-title.default\">\n\t\t\t\t<div class=\"elementor-widget-container\">\n\t\t\t\t\t<div class=\"section-title-wrapper \">\r\n\t<div class=\"title-inner-wrapper ah-headline\">\r\n        <!--Top Sub Title-->\r\n\t\t\r\n\t\t<!--Main Title-->\r\n\t\t        <div class=\"wow-off fadeInUp\" data-wow-delay=\"400ms\" data-wow-duration=\"1200ms\">\r\n            <h2 class=\"main-title title-gradient-animation no  middle \">Nos contacts                            <\/h2>\r\n        <\/div>\r\n        \r\n        <!--Description-->\r\n                    <div class=\"description wow-off fadeInUp\" data-wow-delay=\"600ms\" data-wow-duration=\"1200ms\"><p>Vous avez des questions ou besoin d'aide ? Contactez notre \u00e9quipe pour obtenir des conseils d'experts, des informations sur les produits ou des conseils professionnels.<\/p><\/div>\r\n        \r\n\t        <\/div>\r\n<\/div>\t\t\t\t<\/div>\n\t\t\t\t<\/div>\n\t\t\t\t<div class=\"elementor-element elementor-element-d5231dd elementor-invisible elementor-widget elementor-widget-rt-contact-info\" data-id=\"d5231dd\" data-element_type=\"widget\" data-widget_type=\"rt-contact-info.default\">\n\t\t\t\t<div class=\"elementor-widget-container\">\n\t\t\t\t\t\r\n\r\n<div class=\"rt-contact-info wow-off fadeInUp\" data-wow-delay=\"200ms\" data-wow-duration=\"1200ms\">\r\n\t        <div class=\"main-icon\">\r\n\t\t<i class=\"icon-rt-map\"><\/i>        <\/div>\r\n\t    <div class=\"content-holder\">\r\n                    <h3 class=\"info-title\">Adresse<\/h3>\r\n                <ul class=\"contact-list list-vertical\">\r\n            \r\n            <li class=\"list \">\r\n                                    Tuukri tn 19-202, 10120 Tallinn                            <\/li>\r\n                    <\/ul>\r\n    <\/div>\r\n<\/div>\t\t\t\t<\/div>\n\t\t\t\t<\/div>\n\t\t\t\t<div class=\"elementor-element elementor-element-6039e8e ele-border-top elementor-invisible elementor-widget elementor-widget-rt-contact-info\" data-id=\"6039e8e\" data-element_type=\"widget\" data-widget_type=\"rt-contact-info.default\">\n\t\t\t\t<div class=\"elementor-widget-container\">\n\t\t\t\t\t\r\n\r\n<div class=\"rt-contact-info wow-off fadeInUp\" data-wow-delay=\"200ms\" data-wow-duration=\"1200ms\">\r\n\t        <div class=\"main-icon\">\r\n\t\t<i class=\" icon-rt-phone-call\"><\/i>        <\/div>\r\n\t    <div class=\"content-holder\">\r\n                    <h3 class=\"info-title\">T\u00e9l\u00e9phone<\/h3>\r\n                <ul class=\"contact-list list-vertical\">\r\n            \r\n            <li class=\"list phone-no\">\r\n                                    <a href=\"tel:+32 485 62 65 35\">+32 485 62 65 35<\/a>\r\n                            <\/li>\r\n                    <\/ul>\r\n    <\/div>\r\n<\/div>\t\t\t\t<\/div>\n\t\t\t\t<\/div>\n\t\t\t\t<div class=\"elementor-element elementor-element-f82a067 ele-border-top elementor-invisible elementor-widget elementor-widget-rt-contact-info\" data-id=\"f82a067\" data-element_type=\"widget\" data-widget_type=\"rt-contact-info.default\">\n\t\t\t\t<div class=\"elementor-widget-container\">\n\t\t\t\t\t\r\n\r\n<div class=\"rt-contact-info wow-off fadeInUp\" data-wow-delay=\"200ms\" data-wow-duration=\"1200ms\">\r\n\t        <div class=\"main-icon\">\r\n\t\t<i class=\" icon-rt-envelope-open-o\"><\/i>        <\/div>\r\n\t    <div class=\"content-holder\">\r\n                    <h3 class=\"info-title\">E-mail<\/h3>\r\n                <ul class=\"contact-list list-vertical\">\r\n            \r\n            <li class=\"list email\">\r\n                                    <a href=\"mailto:pelartlabbenelux@gmail.com\">pelartlabbenelux@gmail.com<\/a>\r\n                            <\/li>\r\n                    <\/ul>\r\n    <\/div>\r\n<\/div>\t\t\t\t<\/div>\n\t\t\t\t<\/div>\n\t\t\t\t<\/div>\n\t\t<div class=\"elementor-element elementor-element-b3673d6 e-con-full ele-border-left e-flex rt-parallax-bg-no e-con e-child\" data-id=\"b3673d6\" data-element_type=\"container\">\n\t\t\t\t<div class=\"elementor-element elementor-element-7f5a238 elementor-invisible elementor-widget elementor-widget-rt-title\" data-id=\"7f5a238\" data-element_type=\"widget\" data-widget_type=\"rt-title.default\">\n\t\t\t\t<div class=\"elementor-widget-container\">\n\t\t\t\t\t<div class=\"section-title-wrapper \">\r\n\t<div class=\"title-inner-wrapper ah-headline\">\r\n        <!--Top Sub Title-->\r\n\t\t\r\n\t\t<!--Main Title-->\r\n\t\t        <div class=\"wow-off fadeInUp\" data-wow-delay=\"400ms\" data-wow-duration=\"1200ms\">\r\n            <h2 class=\"main-title title-gradient-animation no no middle \">Contactez-nous                            <\/h2>\r\n        <\/div>\r\n        \r\n        <!--Description-->\r\n                    <div class=\"description wow-off fadeInUp\" data-wow-delay=\"600ms\" data-wow-duration=\"1200ms\"><p>Nous serions ravis de vous aider ! Que vous ayez des questions sur nos produits, besoin de conseils sur des solutions professionnelles de soins de la peau ou que vous souhaitiez collaborer avec nous, notre \u00e9quipe est l\u00e0 pour vous aider.<\/p><\/div>\r\n        \r\n\t        <\/div>\r\n<\/div>\t\t\t\t<\/div>\n\t\t\t\t<\/div>\n\t\t\t\t<div class=\"elementor-element elementor-element-ae718c0 contact-form fluentform-widget-submit-button-custom elementor-widget elementor-widget-fluent-form-widget\" data-id=\"ae718c0\" data-element_type=\"widget\" data-widget_type=\"fluent-form-widget.default\">\n\t\t\t\t<div class=\"elementor-widget-container\">\n\t\t\t\t\t\n            <div class=\"fluentform-widget-wrapper hide-fluent-form-labels fluentform-widget-align-default\">\n\n            \n            <div class='fluentform ff-default fluentform_wrapper_7 ffs_default_wrap'><form data-form_id=\"7\" id=\"fluentform_7\" class=\"frm-fluent-form fluent_form_7 ff-el-form-top ff_form_instance_7_1 ff-form-loading ffs_default\" data-form_instance=\"ff_form_instance_7_1\" method=\"POST\" ><fieldset  style=\"border: none!important;margin: 0!important;padding: 0!important;background-color: transparent!important;box-shadow: none!important;outline: none!important; min-inline-size: 100%;\">\n                    <legend class=\"ff_screen_reader_title\" style=\"display: block; margin: 0!important;padding: 0!important;height: 0!important;text-indent: -999999px;width: 0!important;overflow:hidden;\">Contact Form FR<\/legend><input type='hidden' name='__fluent_form_embded_post_id' value='7325' \/><input type=\"hidden\" id=\"_fluentform_7_fluentformnonce\" name=\"_fluentform_7_fluentformnonce\" value=\"964d13b10d\" \/><input type=\"hidden\" name=\"_wp_http_referer\" value=\"\/fr\/wp-json\/wp\/v2\/pages\/7325\" \/><div data-name=\"ff_cn_id_1\"  class='ff-t-container ff-column-container ff_columns_total_2 '><div class='ff-t-cell ff-t-column-1' style='flex-basis: 50%;'><div data-type=\"name-element\" data-name=\"names\" class=\" ff-field_container ff-name-field-wrapper\" ><div class='ff-t-container'><div class='ff-t-cell '><div class='ff-el-group'><div class=\"ff-el-input--label asterisk-right\"><label for='ff_7_names_first_name_' id='label_ff_7_names_first_name_' >Nom<\/label><\/div><div class='ff-el-input--content'><input type=\"text\" name=\"names[first_name]\" id=\"ff_7_names_first_name_\" class=\"ff-el-form-control\" placeholder=\"Nom\" aria-invalid=\"false\" aria-required=false><\/div><\/div><\/div><\/div><\/div><\/div><div class='ff-t-cell ff-t-column-2' style='flex-basis: 50%;'><div class='ff-el-group'><div class=\"ff-el-input--label ff-el-is-required asterisk-right\"><label for='ff_7_email' id='label_ff_7_email' aria-label=\"Email\">Email<\/label><\/div><div class='ff-el-input--content'><input type=\"email\" name=\"email\" id=\"ff_7_email\" class=\"ff-el-form-control\" placeholder=\"E-mail\" data-name=\"email\"  aria-invalid=\"false\" aria-required=true><\/div><\/div><\/div><\/div><div data-name=\"ff_cn_id_2\"  class='ff-t-container ff-column-container ff_columns_total_2 '><div class='ff-t-cell ff-t-column-1' style='flex-basis: 50%;'><div class='ff-el-group'><div class=\"ff-el-input--label asterisk-right\"><label for='ff_7_subject' id='label_ff_7_subject' aria-label=\"Num\u00e9ro de t\u00e9l\u00e9phone\">Num\u00e9ro de t\u00e9l\u00e9phone<\/label><\/div><div class='ff-el-input--content'><input type=\"text\" name=\"subject\" class=\"ff-el-form-control\" placeholder=\"Num\u00e9ro de t\u00e9l\u00e9phone\" data-name=\"subject\" id=\"ff_7_subject\"  aria-invalid=\"false\" aria-required=false><\/div><\/div><\/div><div class='ff-t-cell ff-t-column-2' style='flex-basis: 50%;'><div class='ff-el-group'><div class=\"ff-el-input--label asterisk-right\"><label for='ff_7_subject_1' id='label_ff_7_subject_1' aria-label=\"Objet\">Objet<\/label><\/div><div class='ff-el-input--content'><input type=\"text\" name=\"subject_1\" class=\"ff-el-form-control\" placeholder=\"Objet\" data-name=\"subject_1\" id=\"ff_7_subject_1\"  aria-invalid=\"false\" aria-required=false><\/div><\/div><\/div><\/div><div class='ff-el-group'><div class=\"ff-el-input--label asterisk-right\"><label for='ff_7_message' id='label_ff_7_message' aria-label=\"Message\">Message<\/label><\/div><div class='ff-el-input--content'><textarea aria-required=\"false\" aria-labelledby=\"label_ff_7_message\" name=\"message\" id=\"ff_7_message\" class=\"ff-el-form-control\" placeholder=\"Votre message\" rows=\"10\" cols=\"2\" data-name=\"message\" ><\/textarea><\/div><\/div><div class='ff-el-group ff-text-left ff_submit_btn_wrapper'><button type=\"submit\" class=\"ff-btn ff-btn-submit ff-btn-md ff_btn_style\"  aria-label=\"Envoyer\">Envoyer<\/button><\/div><\/fieldset><\/form><div id='fluentform_7_errors' class='ff-errors-in-stack ff_form_instance_7_1 ff-form-loading_errors ff_form_instance_7_1_errors'><\/div><\/div>            <script type=\"text\/javascript\">\n                window.fluent_form_ff_form_instance_7_1 = {\"id\":\"7\",\"settings\":{\"layout\":{\"labelPlacement\":\"top\",\"helpMessagePlacement\":\"with_label\",\"errorMessagePlacement\":\"inline\",\"cssClassName\":\"\",\"asteriskPlacement\":\"asterisk-right\"},\"restrictions\":{\"denyEmptySubmission\":{\"enabled\":false}}},\"form_instance\":\"ff_form_instance_7_1\",\"form_id_selector\":\"fluentform_7\",\"rules\":{\"names[first_name]\":{\"required\":{\"value\":false,\"message\":\"This field is required\",\"global\":false,\"global_message\":\"This field is required\"}},\"names[middle_name]\":{\"required\":{\"value\":false,\"message\":\"This field is required\",\"global\":false,\"global_message\":\"This field is required\"}},\"names[last_name]\":{\"required\":{\"value\":false,\"message\":\"This field is required\",\"global\":false,\"global_message\":\"This field is required\"}},\"email\":{\"required\":{\"value\":true,\"message\":\"This field is required\",\"global\":false,\"global_message\":\"This field is required\"},\"email\":{\"value\":true,\"message\":\"This field must contain a valid email\",\"global\":false,\"global_message\":\"This field must contain a valid email\"}},\"subject\":{\"required\":{\"value\":false,\"message\":\"This field is required\",\"global\":false,\"global_message\":\"This field is required\"}},\"subject_1\":{\"required\":{\"value\":false,\"message\":\"This field is required\",\"global\":false,\"global_message\":\"This field is required\"}},\"message\":{\"required\":{\"value\":false,\"message\":\"This field is required\",\"global\":false,\"global_message\":\"This field is required\"}}},\"debounce_time\":300};\n                            <\/script>\n                        <\/div>\n\n            \t\t\t\t<\/div>\n\t\t\t\t<\/div>\n\t\t\t\t<\/div>\n\t\t\t\t\t<\/div>\n\t\t\t\t<\/div>\n\t\t<div class=\"elementor-element elementor-element-37888a6 e-flex e-con-boxed rt-parallax-bg-no e-con e-parent\" data-id=\"37888a6\" data-element_type=\"container\">\n\t\t\t\t\t<div class=\"e-con-inner\">\n\t\t<div class=\"elementor-element elementor-element-e8dd3ea e-con-full e-flex rt-parallax-bg-no e-con e-child\" data-id=\"e8dd3ea\" data-element_type=\"container\">\n\t\t\t\t<div class=\"elementor-element elementor-element-08e802d elementor-widget elementor-widget-google_maps\" data-id=\"08e802d\" data-element_type=\"widget\" data-widget_type=\"google_maps.default\">\n\t\t\t\t\t\t\t<div class=\"elementor-custom-embed\">\n\t\t\t<iframe loading=\"lazy\"\n\t\t\t\t\tsrc=\"https:\/\/maps.google.com\/maps?q=Tuukri%20tn%2019-202%2C%2010120%20Tallinn&#038;t=m&#038;z=6&#038;output=embed&#038;iwloc=near\"\n\t\t\t\t\ttitle=\"Tuukri tn 19-202, 10120 Tallinn\"\n\t\t\t\t\taria-label=\"Tuukri tn 19-202, 10120 Tallinn\"\n\t\t\t><\/iframe>\n\t\t<\/div>\n\t\t\t\t\t\t<\/div>\n\t\t\t\t<\/div>\n\t\t\t\t\t<\/div>\n\t\t\t\t<\/div>\n\t\t\t\t<\/div>\n\t\t","protected":false},"excerpt":{"rendered":"<p>Nos contacts Vous avez des questions ou besoin d&rsquo;aide ? Contactez notre \u00e9quipe pour obtenir des conseils d&rsquo;experts, des informations sur les produits ou des conseils professionnels. Adresse Tuukri tn 19-202, 10120 Tallinn T\u00e9l\u00e9phone +32 485 62 65 35 E-mail pelartlabbenelux@gmail.com Contactez-nous Nous serions ravis de vous aider ! Que vous ayez des questions sur [&hellip;]<\/p>\n","protected":false},"author":1,"featured_media":0,"parent":0,"menu_order":0,"comment_status":"closed","ping_status":"closed","template":"elementor_header_footer","meta":{"footnotes":""},"class_list":["post-7325","page","type-page","status-publish","hentry"],"aioseo_notices":[],"_hostinger_reach_plugin_has_subscription_block":false,"_hostinger_reach_plugin_is_elementor":false,"_links":{"self":[{"href":"https:\/\/pelartlabbenelux.com\/fr\/wp-json\/wp\/v2\/pages\/7325","targetHints":{"allow":["GET"]}}],"collection":[{"href":"https:\/\/pelartlabbenelux.com\/fr\/wp-json\/wp\/v2\/pages"}],"about":[{"href":"https:\/\/pelartlabbenelux.com\/fr\/wp-json\/wp\/v2\/types\/page"}],"author":[{"embeddable":true,"href":"https:\/\/pelartlabbenelux.com\/fr\/wp-json\/wp\/v2\/users\/1"}],"replies":[{"embeddable":true,"href":"https:\/\/pelartlabbenelux.com\/fr\/wp-json\/wp\/v2\/comments?post=7325"}],"version-history":[{"count":8,"href":"https:\/\/pelartlabbenelux.com\/fr\/wp-json\/wp\/v2\/pages\/7325\/revisions"}],"predecessor-version":[{"id":10209,"href":"https:\/\/pelartlabbenelux.com\/fr\/wp-json\/wp\/v2\/pages\/7325\/revisions\/10209"}],"wp:attachment":[{"href":"https:\/\/pelartlabbenelux.com\/fr\/wp-json\/wp\/v2\/media?parent=7325"}],"curies":[{"name":"wp","href":"https:\/\/api.w.org\/{rel}","templated":true}]}}