{"id":7038,"date":"2025-03-20T05:35:38","date_gmt":"2025-03-20T05:35:38","guid":{"rendered":"https:\/\/pelartlabbenelux.com\/mon-compte\/"},"modified":"2026-02-10T21:03:41","modified_gmt":"2026-02-10T21:03:41","slug":"mon-compte","status":"publish","type":"page","link":"https:\/\/pelartlabbenelux.com\/fr\/mon-compte\/","title":{"rendered":"Mon compte"},"content":{"rendered":"\n<h2 class=\"wp-block-heading has-blusho-primary-color has-text-color has-link-color wp-elements-beca9ebcc94ff6bc5d5d0d740e95353a\"><strong>\u00cates-vous un cosm\u00e9tologue certifi\u00e9 ou un professionnel de la beaut\u00e9?<\/strong><\/h2>\n\n\n\n<p>Connectez-vous ou inscrivez-vous pour b\u00e9n\u00e9ficier de remises exclusives sur les prix de gros, de tarifs r\u00e9serv\u00e9s aux professionnels et d&rsquo;un acc\u00e8s anticip\u00e9 aux nouveaux produits.<\/p>\n\n\n<div class=\"woocommerce\"><\/div>\n\n\n\n<div style=\"height:66px\" aria-hidden=\"true\" class=\"wp-block-spacer\"><\/div>\n\n\n\n<h2 class=\"wp-block-heading has-blusho-primary-color has-text-color has-link-color wp-elements-da37a3d4029eed719b2e790bae4ba957\"><strong>S&rsquo;inscrire en tant que professionnel<\/strong><\/h2>\n\n\n\n<p style=\"font-size:17px\">Veuillez fournir vos coordonn\u00e9es, votre pays et votre ville d&rsquo;exercice, votre<strong> sp\u00e9cialisation professionnelle et une preuve de votre statut professionnel<\/strong> (dipl\u00f4me, certificat, licence professionnelle ou lien vers une clinique ou un profil professionnel).<\/p>\n\n\n\n<p>Toutes les inscriptions sont soumises \u00e0 un examen manuel dans un d\u00e9lai de <strong>24 \u00e0 48 heures.<\/strong><\/p>\n\n\n\n<p style=\"font-size:17px\">Pelart Laboratory se r\u00e9serve le droit de refuser l&rsquo;inscription si le statut professionnel ne peut \u00eatre v\u00e9rifi\u00e9.<\/p>\n\n\n\n<div style=\"height:31px\" aria-hidden=\"true\" class=\"wp-block-spacer\"><\/div>\n\n\n\n<div class=\"forminator-guttenberg\"><div class=\"forminator-ui forminator-custom-form forminator-custom-form-10197 forminator-design--default  forminator_ajax\" data-forminator-render=\"0\" data-form=\"forminator-module-10197\" data-uid=\"69d27971adceb\"><br\/><\/div><form\n\t\t\t\tid=\"forminator-module-10197\"\n\t\t\t\tclass=\"forminator-ui forminator-custom-form forminator-custom-form-10197 forminator-design--default  forminator_ajax\"\n\t\t\t\tmethod=\"post\"\n\t\t\t\tdata-forminator-render=\"0\"\n\t\t\t\tdata-form-id=\"10197\"\n\t\t\t\tenctype=\"multipart\/form-data\" data-color-option=\"theme\" data-design=\"default\" data-grid=\"open\" style=\"display: none;\"\n\t\t\t\tdata-uid=\"69d27971adceb\"\n\t\t\t><div role=\"alert\" aria-live=\"polite\" class=\"forminator-response-message forminator-error\" aria-hidden=\"true\"><\/div><div class=\"forminator-row\"><div id=\"name-1\" class=\"forminator-field-name forminator-col forminator-col-12 \"><div class=\"forminator-field\"><label for=\"forminator-field-name-1_69d27971adceb\" id=\"forminator-field-name-1_69d27971adceb-label\" class=\"forminator-label\">Nom <span class=\"forminator-required\">*<\/span><\/label><input type=\"text\" name=\"name-1\" value=\"\" placeholder=\"\" id=\"forminator-field-name-1_69d27971adceb\" class=\"forminator-input forminator-name--field\" aria-required=\"true\" autocomplete=\"name\" \/><\/div><\/div><\/div><div class=\"forminator-row\"><div id=\"email-1\" class=\"forminator-field-email forminator-col forminator-col-12 \"><div class=\"forminator-field\"><label for=\"forminator-field-email-1_69d27971adceb\" id=\"forminator-field-email-1_69d27971adceb-label\" class=\"forminator-label\">Email <span class=\"forminator-required\">*<\/span><\/label><input type=\"email\" name=\"email-1\" value=\"\" placeholder=\"\" id=\"forminator-field-email-1_69d27971adceb\" class=\"forminator-input forminator-email--field\" data-required=\"1\" aria-required=\"true\" autocomplete=\"email\" \/><\/div><\/div><\/div><div class=\"forminator-row\"><div id=\"phone-1\" class=\"forminator-field-phone forminator-col forminator-col-12 \"><div class=\"forminator-field\"><label for=\"forminator-field-phone-1_69d27971adceb\" id=\"forminator-field-phone-1_69d27971adceb-label\" class=\"forminator-label\">Num\u00e9ro de t\u00e9l\u00e9phone <span class=\"forminator-required\">*<\/span><\/label><input type=\"text\" name=\"phone-1\" value=\"\" placeholder=\"\" id=\"forminator-field-phone-1_69d27971adceb\" class=\"forminator-input forminator-field--phone\" data-required=\"1\" aria-required=\"true\" autocomplete=\"off\" \/><\/div><\/div><\/div><div class=\"forminator-row\"><div id=\"text-1\" class=\"forminator-field-text forminator-col forminator-col-12 \"><div class=\"forminator-field\"><label for=\"forminator-field-text-1_69d27971adceb\" id=\"forminator-field-text-1_69d27971adceb-label\" class=\"forminator-label\">Pays et ville du stage <span class=\"forminator-required\">*<\/span><\/label><input type=\"text\" name=\"text-1\" value=\"\" placeholder=\"\" id=\"forminator-field-text-1_69d27971adceb\" class=\"forminator-input forminator-name--field\" data-required=\"1\" \/><\/div><\/div><\/div><div class=\"forminator-row\"><div id=\"select-1\" class=\"forminator-field-select forminator-col forminator-col-12 \"><div class=\"forminator-field\"><label for=\"forminator-form-10197__field--select-1_69d27971adceb\" id=\"forminator-form-10197__field--select-1_69d27971adceb-label\" class=\"forminator-label\">Sp\u00e9cialisation <span class=\"forminator-required\">*<\/span><\/label><select  id=\"forminator-form-10197__field--select-1_69d27971adceb\" class=\"forminator-select--field forminator-select2 forminator-select2-multiple\" data-required=\"1\" name=\"select-1\" data-default-value=\"\" data-hidden-behavior=\"zero\" data-placeholder=\"Cosm\u00e9tologue\" data-search=\"false\" data-search-placeholder=\"Cosm\u00e9tologue\" data-checkbox=\"false\" data-allow-clear=\"false\" aria-labelledby=\"forminator-form-10197__field--select-1_69d27971adceb-label\"><option value=\"\"  >Cosm\u00e9tologue<\/option><option value=\"one\"  data-calculation=\"0\">Cosm\u00e9tologue<\/option><option value=\"two\"  data-calculation=\"0\">Dermatologue<\/option><option value=\"Aesthete\"  data-calculation=\"0\">Esth\u00e8te<\/option><option value=\"Clinic-or-salon\"  data-calculation=\"0\">Clinique ou salon<\/option><\/select><\/div><\/div><\/div><div class=\"forminator-row\"><div id=\"upload-1\" class=\"forminator-field-upload forminator-col forminator-col-12 \"><div class=\"forminator-field\"><label for=\"forminator-field-upload-1_69d27971adceb\" id=\"forminator-field-upload-1_69d27971adceb-label\" class=\"forminator-label\">Justificatif du statut (dipl\u00f4me, certificat, licence) <span class=\"forminator-required\">*<\/span><\/label><div class=\"forminator-file-upload \" data-element=\"upload-1_69d27971adceb\"><input type=\"file\" name=\"upload-1\" id=\"forminator-field-upload-1_69d27971adceb\" class=\"forminator-input-file-required do-validate\" accept=\".jpg,.jpeg,.jpe,.gif,.png,.bmp,.tiff,.tif,.webp,.avif,.ico,.heic,.heif,.heics,.heifs,.asf,.asx,.wmv,.wmx,.wm,.avi,.divx,.flv,.mov,.qt,.mpeg,.mpg,.mpe,.mp4,.m4v,.ogv,.webm,.mkv,.3gp,.3gpp,.3g2,.3gp2,.txt,.asc,.c,.cc,.h,.srt,.csv,.tsv,.ics,.rtx,.vtt,.mp3,.m4a,.m4b,.aac,.ra,.ram,.wav,.x-wav,.ogg,.oga,.flac,.mid,.midi,.wma,.wax,.mka,.rtf,.pdf,.class,.tar,.zip,.gz,.gzip,.7z,.psd,.xcf,.doc,.pot,.pps,.ppt,.wri,.xla,.xls,.xlt,.xlw,.mdb,.mpp,.docx,.docm,.dotx,.dotm,.xlsx,.xlsm,.xlsb,.xltx,.xltm,.xlam,.pptx,.pptm,.ppsx,.ppsm,.potx,.potm,.ppam,.sldx,.sldm,.onetoc,.onetoc2,.onetmp,.onepkg,.oxps,.xps,.odt,.odp,.ods,.odg,.odc,.odb,.odf,.wp,.wpd,.key,.numbers,.pages\" tabindex=\"-1\"><button id=\"forminator-field-upload-1_69d27971adceb_button\" class=\"forminator-button forminator-button-upload\" data-id=\"forminator-field-upload-1_69d27971adceb\">Choisissez un fichier<\/button><span data-empty-text=\"Aucun fichier s\u00e9lectionn\u00e9\">Aucun fichier s\u00e9lectionn\u00e9<\/span><button class=\"forminator-button-delete\" style=\"display: none;\"><i class=\"forminator-icon-close\" aria-hidden=\"true\"><\/i><span class=\"forminator-screen-reader-only\">Supprimer le fichier t\u00e9l\u00e9vers\u00e9<\/span><\/button><\/div><\/div><\/div><\/div><input type=\"hidden\" name=\"referer_url\" value=\"\" \/><div class=\"forminator-row forminator-row-last\"><div class=\"forminator-col\"><div class=\"forminator-field\"><button class=\"forminator-button forminator-button-submit\">Confirmer<\/button><\/div><\/div><\/div><input type=\"hidden\" id=\"forminator_nonce\" name=\"forminator_nonce\" value=\"9b902a590b\" \/><input type=\"hidden\" name=\"_wp_http_referer\" value=\"\/fr\/wp-json\/wp\/v2\/pages\/7038\" \/><input type=\"hidden\" name=\"form_id\" value=\"10197\"><input type=\"hidden\" name=\"page_id\" value=\"7038\"><input type=\"hidden\" name=\"form_type\" value=\"default\"><input type=\"hidden\" name=\"current_url\" value=\"https:\/\/pelartlabbenelux.com\/fr\/mon-compte\/\"><input type=\"hidden\" name=\"render_id\" value=\"0\"><input type=\"hidden\" name=\"action\" value=\"forminator_submit_form_custom-forms\"><\/form><\/div>\n","protected":false},"excerpt":{"rendered":"<p>\u00cates-vous un cosm\u00e9tologue certifi\u00e9 ou un professionnel de la beaut\u00e9? Connectez-vous ou inscrivez-vous pour b\u00e9n\u00e9ficier de remises exclusives sur les prix de gros, de tarifs r\u00e9serv\u00e9s aux professionnels et d&rsquo;un acc\u00e8s anticip\u00e9 aux nouveaux produits. S&rsquo;inscrire en tant que professionnel Veuillez fournir vos coordonn\u00e9es, votre pays et votre ville d&rsquo;exercice, votre sp\u00e9cialisation professionnelle et une [&hellip;]<\/p>\n","protected":false},"author":1,"featured_media":0,"parent":0,"menu_order":0,"comment_status":"closed","ping_status":"closed","template":"","meta":{"footnotes":""},"class_list":["post-7038","page","type-page","status-publish","hentry"],"aioseo_notices":[],"_hostinger_reach_plugin_has_subscription_block":false,"_hostinger_reach_plugin_is_elementor":false,"_links":{"self":[{"href":"https:\/\/pelartlabbenelux.com\/fr\/wp-json\/wp\/v2\/pages\/7038","targetHints":{"allow":["GET"]}}],"collection":[{"href":"https:\/\/pelartlabbenelux.com\/fr\/wp-json\/wp\/v2\/pages"}],"about":[{"href":"https:\/\/pelartlabbenelux.com\/fr\/wp-json\/wp\/v2\/types\/page"}],"author":[{"embeddable":true,"href":"https:\/\/pelartlabbenelux.com\/fr\/wp-json\/wp\/v2\/users\/1"}],"replies":[{"embeddable":true,"href":"https:\/\/pelartlabbenelux.com\/fr\/wp-json\/wp\/v2\/comments?post=7038"}],"version-history":[{"count":2,"href":"https:\/\/pelartlabbenelux.com\/fr\/wp-json\/wp\/v2\/pages\/7038\/revisions"}],"predecessor-version":[{"id":10198,"href":"https:\/\/pelartlabbenelux.com\/fr\/wp-json\/wp\/v2\/pages\/7038\/revisions\/10198"}],"wp:attachment":[{"href":"https:\/\/pelartlabbenelux.com\/fr\/wp-json\/wp\/v2\/media?parent=7038"}],"curies":[{"name":"wp","href":"https:\/\/api.w.org\/{rel}","templated":true}]}}